{"id":1039,"date":"2018-08-29T22:20:49","date_gmt":"2018-08-29T20:20:49","guid":{"rendered":"http:\/\/www.german-language-school.ch\/?page_id=1039"},"modified":"2023-09-19T11:27:48","modified_gmt":"2023-09-19T09:27:48","slug":"a2-1-kurs-fortgeschrittene-anfaenger-2","status":"publish","type":"page","link":"https:\/\/www.german-language-school.ch\/de\/aktuelles-kursangebot-deutsch\/a2-1-kurs-fortgeschrittene-anfaenger-2\/","title":{"rendered":"A2.1 &#8211; Kurs (Fortgeschrittene Anf\u00e4nger)"},"content":{"rendered":"<p>Aufbauend auf den A1-Kurs werden das Grundvokabular f\u00fcr die Alltagskommunikation erweitert und schwierigere Grammatikstrukturen erlernt, um selbst\u00e4ndig kommunizieren zu k\u00f6nnen. Die vier wichtigen Bereiche Sprechen\/H\u00f6ren\/Lesen\/Schreiben werden abwechselnd trainiert und durch den Einsatz verschiedener Medien, wie z.B. Kursb\u00fccher, CDs, Lesehefte, Kurzfilme und einfache Zeitungsartikel unterst\u00fctzt. Neben kulturellen Informationen werden u.a. folgende Themen behandelt:<\/p>\n<ul class=\"row arrow\">\n<li class=\"col-sm-4\">Alltag<\/li>\n<li class=\"col-sm-4\">Arbeit<\/li>\n<li class=\"col-sm-4\">Freizeit<\/li>\n<li class=\"col-sm-4\">Schule &amp; Ausbildung<\/li>\n<li class=\"col-sm-4\">Einkauf<\/li>\n<li class=\"col-sm-4\">In der Stadt<\/li>\n<li class=\"col-sm-4\">Reisen<\/li>\n<\/ul>\n<h2>Bemerkungen<\/h2>\n<ul class=\"arrow\">\n<li>Vorkenntnisse n\u00f6tig (A1 -Niveau sollte vorhanden sein)<\/li>\n<li>Kleingruppe (3-6 Teilnehmer)<\/li>\n<li>Dauer der Lektion: 90 Minuten, 2 x w\u00f6chentlich<\/li>\n<\/ul>\n","protected":false},"excerpt":{"rendered":"<p>Aufbauend auf den A1-Kurs werden das Grundvokabular f\u00fcr die Alltagskommunikation erweitert und schwierigere Grammatikstrukturen erlernt, um selbst\u00e4ndig kommunizieren zu k\u00f6nnen. Die vier wichtigen Bereiche Sprechen\/H\u00f6ren\/Lesen\/Schreiben werden abwechselnd trainiert und durch den Einsatz verschiedener Medien, wie z.B. Kursb\u00fccher, CDs, Lesehefte, Kurzfilme und einfache Zeitungsartikel unterst\u00fctzt. Neben kulturellen Informationen werden u.a. folgende Themen behandelt: Alltag Arbeit Freizeit [&hellip;]<\/p>\n","protected":false},"author":3,"featured_media":0,"parent":409,"menu_order":3,"comment_status":"closed","ping_status":"closed","template":"template-courses.php","meta":{"_acf_changed":false,"footnotes":""},"class_list":["post-1039","page","type-page","status-publish","hentry"],"acf":[],"yoast_head":"<!-- This site is optimized with the Yoast SEO plugin v27.3 - https:\/\/yoast.com\/product\/yoast-seo-wordpress\/ -->\n<title>A2.1 Deutschkurs f\u00fcr fortgeschritte Anf\u00e4nger - Grammatik<\/title>\n<meta name=\"description\" content=\"Im A2.1-Kurs (fortgeschrittene Anf\u00e4nger) wird das auf A1-Niveau erworbene Grundvokabular erweitert und durch anspruchsvollere Grammatikstrukturen erg\u00e4nzt.\" \/>\n<meta name=\"robots\" content=\"index, follow, max-snippet:-1, max-image-preview:large, max-video-preview:-1\" \/>\n<link rel=\"canonical\" href=\"https:\/\/www.german-language-school.ch\/de\/aktuelles-kursangebot-deutsch\/a2-1-kurs-fortgeschrittene-anfaenger-2\/\" \/>\n<meta property=\"og:locale\" content=\"de_DE\" \/>\n<meta property=\"og:type\" content=\"article\" \/>\n<meta property=\"og:title\" content=\"A2.1 Deutschkurs f\u00fcr fortgeschritte Anf\u00e4nger - Grammatik\" \/>\n<meta property=\"og:description\" content=\"Im A2.1-Kurs (fortgeschrittene Anf\u00e4nger) wird das auf A1-Niveau erworbene Grundvokabular erweitert und durch anspruchsvollere Grammatikstrukturen erg\u00e4nzt.\" \/>\n<meta property=\"og:url\" content=\"https:\/\/www.german-language-school.ch\/de\/aktuelles-kursangebot-deutsch\/a2-1-kurs-fortgeschrittene-anfaenger-2\/\" \/>\n<meta property=\"og:site_name\" content=\"German Language School\" \/>\n<meta property=\"article:publisher\" content=\"https:\/\/www.facebook.com\/German-Language-School-219211915144627\/\" \/>\n<meta property=\"article:modified_time\" content=\"2023-09-19T09:27:48+00:00\" \/>\n<meta name=\"twitter:card\" content=\"summary_large_image\" \/>\n<meta name=\"twitter:label1\" content=\"Gesch\u00e4tzte Lesezeit\" \/>\n\t<meta name=\"twitter:data1\" content=\"1\u00a0Minute\" \/>\n<script type=\"application\/ld+json\" class=\"yoast-schema-graph\">{\"@context\":\"https:\\\/\\\/schema.org\",\"@graph\":[{\"@type\":\"WebPage\",\"@id\":\"https:\\\/\\\/www.german-language-school.ch\\\/de\\\/aktuelles-kursangebot-deutsch\\\/a2-1-kurs-fortgeschrittene-anfaenger-2\\\/\",\"url\":\"https:\\\/\\\/www.german-language-school.ch\\\/de\\\/aktuelles-kursangebot-deutsch\\\/a2-1-kurs-fortgeschrittene-anfaenger-2\\\/\",\"name\":\"A2.1 Deutschkurs f\u00fcr fortgeschritte Anf\u00e4nger - Grammatik\",\"isPartOf\":{\"@id\":\"https:\\\/\\\/www.german-language-school.ch\\\/de\\\/#website\"},\"datePublished\":\"2018-08-29T20:20:49+00:00\",\"dateModified\":\"2023-09-19T09:27:48+00:00\",\"description\":\"Im A2.1-Kurs (fortgeschrittene Anf\u00e4nger) wird das auf A1-Niveau erworbene Grundvokabular erweitert und durch anspruchsvollere Grammatikstrukturen erg\u00e4nzt.\",\"breadcrumb\":{\"@id\":\"https:\\\/\\\/www.german-language-school.ch\\\/de\\\/aktuelles-kursangebot-deutsch\\\/a2-1-kurs-fortgeschrittene-anfaenger-2\\\/#breadcrumb\"},\"inLanguage\":\"de\",\"potentialAction\":[{\"@type\":\"ReadAction\",\"target\":[\"https:\\\/\\\/www.german-language-school.ch\\\/de\\\/aktuelles-kursangebot-deutsch\\\/a2-1-kurs-fortgeschrittene-anfaenger-2\\\/\"]}]},{\"@type\":\"BreadcrumbList\",\"@id\":\"https:\\\/\\\/www.german-language-school.ch\\\/de\\\/aktuelles-kursangebot-deutsch\\\/a2-1-kurs-fortgeschrittene-anfaenger-2\\\/#breadcrumb\",\"itemListElement\":[{\"@type\":\"ListItem\",\"position\":1,\"name\":\"Home\",\"item\":\"https:\\\/\\\/www.german-language-school.ch\\\/de\\\/\"},{\"@type\":\"ListItem\",\"position\":2,\"name\":\"Aktuelle DeutschkurseWir bieten Ihnen den passenden Kurs!\",\"item\":\"https:\\\/\\\/www.german-language-school.ch\\\/de\\\/aktuelles-kursangebot-deutsch\\\/\"},{\"@type\":\"ListItem\",\"position\":3,\"name\":\"A2.1 &#8211; Kurs (Fortgeschrittene Anf\u00e4nger)\"}]},{\"@type\":\"WebSite\",\"@id\":\"https:\\\/\\\/www.german-language-school.ch\\\/de\\\/#website\",\"url\":\"https:\\\/\\\/www.german-language-school.ch\\\/de\\\/\",\"name\":\"German Language School\",\"description\":\"Eine weitere WordPress-Seite\",\"publisher\":{\"@id\":\"https:\\\/\\\/www.german-language-school.ch\\\/de\\\/#organization\"},\"potentialAction\":[{\"@type\":\"SearchAction\",\"target\":{\"@type\":\"EntryPoint\",\"urlTemplate\":\"https:\\\/\\\/www.german-language-school.ch\\\/de\\\/?s={search_term_string}\"},\"query-input\":{\"@type\":\"PropertyValueSpecification\",\"valueRequired\":true,\"valueName\":\"search_term_string\"}}],\"inLanguage\":\"de\"},{\"@type\":\"Organization\",\"@id\":\"https:\\\/\\\/www.german-language-school.ch\\\/de\\\/#organization\",\"name\":\"German Language School\",\"url\":\"https:\\\/\\\/www.german-language-school.ch\\\/de\\\/\",\"logo\":{\"@type\":\"ImageObject\",\"inLanguage\":\"de\",\"@id\":\"https:\\\/\\\/www.german-language-school.ch\\\/de\\\/#\\\/schema\\\/logo\\\/image\\\/\",\"url\":\"https:\\\/\\\/www.german-language-school.ch\\\/wp-content\\\/uploads\\\/2018\\\/06\\\/german-language-school-logo.svg\",\"contentUrl\":\"https:\\\/\\\/www.german-language-school.ch\\\/wp-content\\\/uploads\\\/2018\\\/06\\\/german-language-school-logo.svg\",\"width\":1,\"height\":1,\"caption\":\"German Language School\"},\"image\":{\"@id\":\"https:\\\/\\\/www.german-language-school.ch\\\/de\\\/#\\\/schema\\\/logo\\\/image\\\/\"},\"sameAs\":[\"https:\\\/\\\/www.facebook.com\\\/German-Language-School-219211915144627\\\/\"]}]}<\/script>\n<!-- \/ Yoast SEO plugin. -->","yoast_head_json":{"title":"A2.1 Deutschkurs f\u00fcr fortgeschritte Anf\u00e4nger - Grammatik","description":"Im A2.1-Kurs (fortgeschrittene Anf\u00e4nger) wird das auf A1-Niveau erworbene Grundvokabular erweitert und durch anspruchsvollere Grammatikstrukturen erg\u00e4nzt.","robots":{"index":"index","follow":"follow","max-snippet":"max-snippet:-1","max-image-preview":"max-image-preview:large","max-video-preview":"max-video-preview:-1"},"canonical":"https:\/\/www.german-language-school.ch\/de\/aktuelles-kursangebot-deutsch\/a2-1-kurs-fortgeschrittene-anfaenger-2\/","og_locale":"de_DE","og_type":"article","og_title":"A2.1 Deutschkurs f\u00fcr fortgeschritte Anf\u00e4nger - Grammatik","og_description":"Im A2.1-Kurs (fortgeschrittene Anf\u00e4nger) wird das auf A1-Niveau erworbene Grundvokabular erweitert und durch anspruchsvollere Grammatikstrukturen erg\u00e4nzt.","og_url":"https:\/\/www.german-language-school.ch\/de\/aktuelles-kursangebot-deutsch\/a2-1-kurs-fortgeschrittene-anfaenger-2\/","og_site_name":"German Language School","article_publisher":"https:\/\/www.facebook.com\/German-Language-School-219211915144627\/","article_modified_time":"2023-09-19T09:27:48+00:00","twitter_card":"summary_large_image","twitter_misc":{"Gesch\u00e4tzte Lesezeit":"1\u00a0Minute"},"schema":{"@context":"https:\/\/schema.org","@graph":[{"@type":"WebPage","@id":"https:\/\/www.german-language-school.ch\/de\/aktuelles-kursangebot-deutsch\/a2-1-kurs-fortgeschrittene-anfaenger-2\/","url":"https:\/\/www.german-language-school.ch\/de\/aktuelles-kursangebot-deutsch\/a2-1-kurs-fortgeschrittene-anfaenger-2\/","name":"A2.1 Deutschkurs f\u00fcr fortgeschritte Anf\u00e4nger - Grammatik","isPartOf":{"@id":"https:\/\/www.german-language-school.ch\/de\/#website"},"datePublished":"2018-08-29T20:20:49+00:00","dateModified":"2023-09-19T09:27:48+00:00","description":"Im A2.1-Kurs (fortgeschrittene Anf\u00e4nger) wird das auf A1-Niveau erworbene Grundvokabular erweitert und durch anspruchsvollere Grammatikstrukturen erg\u00e4nzt.","breadcrumb":{"@id":"https:\/\/www.german-language-school.ch\/de\/aktuelles-kursangebot-deutsch\/a2-1-kurs-fortgeschrittene-anfaenger-2\/#breadcrumb"},"inLanguage":"de","potentialAction":[{"@type":"ReadAction","target":["https:\/\/www.german-language-school.ch\/de\/aktuelles-kursangebot-deutsch\/a2-1-kurs-fortgeschrittene-anfaenger-2\/"]}]},{"@type":"BreadcrumbList","@id":"https:\/\/www.german-language-school.ch\/de\/aktuelles-kursangebot-deutsch\/a2-1-kurs-fortgeschrittene-anfaenger-2\/#breadcrumb","itemListElement":[{"@type":"ListItem","position":1,"name":"Home","item":"https:\/\/www.german-language-school.ch\/de\/"},{"@type":"ListItem","position":2,"name":"Aktuelle DeutschkurseWir bieten Ihnen den passenden Kurs!","item":"https:\/\/www.german-language-school.ch\/de\/aktuelles-kursangebot-deutsch\/"},{"@type":"ListItem","position":3,"name":"A2.1 &#8211; Kurs (Fortgeschrittene Anf\u00e4nger)"}]},{"@type":"WebSite","@id":"https:\/\/www.german-language-school.ch\/de\/#website","url":"https:\/\/www.german-language-school.ch\/de\/","name":"German Language School","description":"Eine weitere WordPress-Seite","publisher":{"@id":"https:\/\/www.german-language-school.ch\/de\/#organization"},"potentialAction":[{"@type":"SearchAction","target":{"@type":"EntryPoint","urlTemplate":"https:\/\/www.german-language-school.ch\/de\/?s={search_term_string}"},"query-input":{"@type":"PropertyValueSpecification","valueRequired":true,"valueName":"search_term_string"}}],"inLanguage":"de"},{"@type":"Organization","@id":"https:\/\/www.german-language-school.ch\/de\/#organization","name":"German Language School","url":"https:\/\/www.german-language-school.ch\/de\/","logo":{"@type":"ImageObject","inLanguage":"de","@id":"https:\/\/www.german-language-school.ch\/de\/#\/schema\/logo\/image\/","url":"https:\/\/www.german-language-school.ch\/wp-content\/uploads\/2018\/06\/german-language-school-logo.svg","contentUrl":"https:\/\/www.german-language-school.ch\/wp-content\/uploads\/2018\/06\/german-language-school-logo.svg","width":1,"height":1,"caption":"German Language School"},"image":{"@id":"https:\/\/www.german-language-school.ch\/de\/#\/schema\/logo\/image\/"},"sameAs":["https:\/\/www.facebook.com\/German-Language-School-219211915144627\/"]}]}},"_links":{"self":[{"href":"https:\/\/www.german-language-school.ch\/de\/wp-json\/wp\/v2\/pages\/1039","targetHints":{"allow":["GET"]}}],"collection":[{"href":"https:\/\/www.german-language-school.ch\/de\/wp-json\/wp\/v2\/pages"}],"about":[{"href":"https:\/\/www.german-language-school.ch\/de\/wp-json\/wp\/v2\/types\/page"}],"author":[{"embeddable":true,"href":"https:\/\/www.german-language-school.ch\/de\/wp-json\/wp\/v2\/users\/3"}],"replies":[{"embeddable":true,"href":"https:\/\/www.german-language-school.ch\/de\/wp-json\/wp\/v2\/comments?post=1039"}],"version-history":[{"count":34,"href":"https:\/\/www.german-language-school.ch\/de\/wp-json\/wp\/v2\/pages\/1039\/revisions"}],"predecessor-version":[{"id":1987,"href":"https:\/\/www.german-language-school.ch\/de\/wp-json\/wp\/v2\/pages\/1039\/revisions\/1987"}],"up":[{"embeddable":true,"href":"https:\/\/www.german-language-school.ch\/de\/wp-json\/wp\/v2\/pages\/409"}],"wp:attachment":[{"href":"https:\/\/www.german-language-school.ch\/de\/wp-json\/wp\/v2\/media?parent=1039"}],"curies":[{"name":"wp","href":"https:\/\/api.w.org\/{rel}","templated":true}]}}