{"id":112,"date":"2016-01-06T20:00:18","date_gmt":"2016-01-06T19:00:18","guid":{"rendered":"http:\/\/stage.german-language-school.ch\/?page_id=112&#038;lang=de"},"modified":"2023-07-17T13:42:58","modified_gmt":"2023-07-17T11:42:58","slug":"pruefungsvorbereitungskurs-deutsch-2","status":"publish","type":"page","link":"https:\/\/www.german-language-school.ch\/de\/aktuelles-kursangebot-deutsch\/pruefungsvorbereitungskurs-deutsch-2\/","title":{"rendered":"Pr\u00fcfungsvorbereitung (Goethe-Zertfifikat \/ Telc)"},"content":{"rendered":"<p>Der Pr\u00fcfungsvorbereitungskurs richten sich an jene Teilnehmer, die eine der weltweit anerkannten <a href=\"https:\/\/www.telc.net\/\" target=\"_blank\" rel=\"noopener noreferrer\">telc<\/a> oder <a href=\"https:\/\/www.goethe.de\/de\/index.html\" target=\"_blank\" rel=\"noopener noreferrer\">Goethe-Pr\u00fcfungen<\/a> ablegen m\u00f6chten. Der Kurs wird von einer telc\/Goethe-lizensierten Lehrperson durchgef\u00fchrt, die die Teilnehmer intensiv auf jeden der Pr\u00fcfungsteile vorbereitet. Spezielle Trainingseinheiten zur M\u00fcndlichen Pr\u00fcfung runden den Kurs ab.<\/p>\n<h2>Bemerkungen<\/h2>\n<ul class=\"arrow\">\n<li>F\u00fcr Privat &amp; Semiprivat-Unterricht<\/li>\n<li>Lektionenanzahl: Variiert je nach Pr\u00fcfung und Vorkenntnissen der Teilnehmer<\/li>\n<li>Kurstage: Flexible Termine nach Absprache<\/li>\n<li>Ort: In Egg oder in Ihren R\u00e4umen<\/li>\n<\/ul>\n<h2>Preise<\/h2>\n<p>Auf Anfrage<\/p>\n","protected":false},"excerpt":{"rendered":"<p>Der Pr\u00fcfungsvorbereitungskurs richten sich an jene Teilnehmer, die eine der weltweit anerkannten telc oder Goethe-Pr\u00fcfungen ablegen m\u00f6chten. Der Kurs wird von einer telc\/Goethe-lizensierten Lehrperson durchgef\u00fchrt, die die Teilnehmer intensiv auf jeden der Pr\u00fcfungsteile vorbereitet. Spezielle Trainingseinheiten zur M\u00fcndlichen Pr\u00fcfung runden den Kurs ab. Bemerkungen F\u00fcr Privat &amp; Semiprivat-Unterricht Lektionenanzahl: Variiert je nach Pr\u00fcfung und Vorkenntnissen [&hellip;]<\/p>\n","protected":false},"author":3,"featured_media":0,"parent":409,"menu_order":11,"comment_status":"closed","ping_status":"closed","template":"template-courses.php","meta":{"_acf_changed":false,"footnotes":""},"class_list":["post-112","page","type-page","status-publish","hentry"],"acf":[],"yoast_head":"<!-- This site is optimized with the Yoast SEO plugin v27.3 - https:\/\/yoast.com\/product\/yoast-seo-wordpress\/ -->\n<title>Deutsch Pru\u0308fungsvorbereitungskurs - Goethe-\/ Telc-Pr\u00fcfung<\/title>\n<meta name=\"description\" content=\"Im Pru\u0308fungsvorbereitungskurs werden Sie individuell auf die bevorstehende Goethe- oder telc-Pru\u0308fung vorbereitet.\" \/>\n<meta name=\"robots\" content=\"index, follow, max-snippet:-1, max-image-preview:large, max-video-preview:-1\" \/>\n<link rel=\"canonical\" href=\"https:\/\/www.german-language-school.ch\/de\/aktuelles-kursangebot-deutsch\/pruefungsvorbereitungskurs-deutsch-2\/\" \/>\n<meta property=\"og:locale\" content=\"de_DE\" \/>\n<meta property=\"og:type\" content=\"article\" \/>\n<meta property=\"og:title\" content=\"Deutsch Pru\u0308fungsvorbereitungskurs - Goethe-\/ Telc-Pr\u00fcfung\" \/>\n<meta property=\"og:description\" content=\"Im Pru\u0308fungsvorbereitungskurs werden Sie individuell auf die bevorstehende Goethe- oder telc-Pru\u0308fung vorbereitet.\" \/>\n<meta property=\"og:url\" content=\"https:\/\/www.german-language-school.ch\/de\/aktuelles-kursangebot-deutsch\/pruefungsvorbereitungskurs-deutsch-2\/\" \/>\n<meta property=\"og:site_name\" content=\"German Language School\" \/>\n<meta property=\"article:publisher\" content=\"https:\/\/www.facebook.com\/German-Language-School-219211915144627\/\" \/>\n<meta property=\"article:modified_time\" content=\"2023-07-17T11:42:58+00:00\" \/>\n<meta name=\"twitter:card\" content=\"summary_large_image\" \/>\n<meta name=\"twitter:label1\" content=\"Gesch\u00e4tzte Lesezeit\" \/>\n\t<meta name=\"twitter:data1\" content=\"1\u00a0Minute\" \/>\n<script type=\"application\/ld+json\" class=\"yoast-schema-graph\">{\"@context\":\"https:\\\/\\\/schema.org\",\"@graph\":[{\"@type\":\"WebPage\",\"@id\":\"https:\\\/\\\/www.german-language-school.ch\\\/de\\\/aktuelles-kursangebot-deutsch\\\/pruefungsvorbereitungskurs-deutsch-2\\\/\",\"url\":\"https:\\\/\\\/www.german-language-school.ch\\\/de\\\/aktuelles-kursangebot-deutsch\\\/pruefungsvorbereitungskurs-deutsch-2\\\/\",\"name\":\"Deutsch Pru\u0308fungsvorbereitungskurs - Goethe-\\\/ Telc-Pr\u00fcfung\",\"isPartOf\":{\"@id\":\"https:\\\/\\\/www.german-language-school.ch\\\/de\\\/#website\"},\"datePublished\":\"2016-01-06T19:00:18+00:00\",\"dateModified\":\"2023-07-17T11:42:58+00:00\",\"description\":\"Im Pru\u0308fungsvorbereitungskurs werden Sie individuell auf die bevorstehende Goethe- oder telc-Pru\u0308fung vorbereitet.\",\"breadcrumb\":{\"@id\":\"https:\\\/\\\/www.german-language-school.ch\\\/de\\\/aktuelles-kursangebot-deutsch\\\/pruefungsvorbereitungskurs-deutsch-2\\\/#breadcrumb\"},\"inLanguage\":\"de\",\"potentialAction\":[{\"@type\":\"ReadAction\",\"target\":[\"https:\\\/\\\/www.german-language-school.ch\\\/de\\\/aktuelles-kursangebot-deutsch\\\/pruefungsvorbereitungskurs-deutsch-2\\\/\"]}]},{\"@type\":\"BreadcrumbList\",\"@id\":\"https:\\\/\\\/www.german-language-school.ch\\\/de\\\/aktuelles-kursangebot-deutsch\\\/pruefungsvorbereitungskurs-deutsch-2\\\/#breadcrumb\",\"itemListElement\":[{\"@type\":\"ListItem\",\"position\":1,\"name\":\"Home\",\"item\":\"https:\\\/\\\/www.german-language-school.ch\\\/de\\\/\"},{\"@type\":\"ListItem\",\"position\":2,\"name\":\"Aktuelle DeutschkurseWir bieten Ihnen den passenden Kurs!\",\"item\":\"https:\\\/\\\/www.german-language-school.ch\\\/de\\\/aktuelles-kursangebot-deutsch\\\/\"},{\"@type\":\"ListItem\",\"position\":3,\"name\":\"Pr\u00fcfungsvorbereitung (Goethe-Zertfifikat \\\/ Telc)\"}]},{\"@type\":\"WebSite\",\"@id\":\"https:\\\/\\\/www.german-language-school.ch\\\/de\\\/#website\",\"url\":\"https:\\\/\\\/www.german-language-school.ch\\\/de\\\/\",\"name\":\"German Language School\",\"description\":\"Eine weitere WordPress-Seite\",\"publisher\":{\"@id\":\"https:\\\/\\\/www.german-language-school.ch\\\/de\\\/#organization\"},\"potentialAction\":[{\"@type\":\"SearchAction\",\"target\":{\"@type\":\"EntryPoint\",\"urlTemplate\":\"https:\\\/\\\/www.german-language-school.ch\\\/de\\\/?s={search_term_string}\"},\"query-input\":{\"@type\":\"PropertyValueSpecification\",\"valueRequired\":true,\"valueName\":\"search_term_string\"}}],\"inLanguage\":\"de\"},{\"@type\":\"Organization\",\"@id\":\"https:\\\/\\\/www.german-language-school.ch\\\/de\\\/#organization\",\"name\":\"German Language School\",\"url\":\"https:\\\/\\\/www.german-language-school.ch\\\/de\\\/\",\"logo\":{\"@type\":\"ImageObject\",\"inLanguage\":\"de\",\"@id\":\"https:\\\/\\\/www.german-language-school.ch\\\/de\\\/#\\\/schema\\\/logo\\\/image\\\/\",\"url\":\"https:\\\/\\\/www.german-language-school.ch\\\/wp-content\\\/uploads\\\/2018\\\/06\\\/german-language-school-logo.svg\",\"contentUrl\":\"https:\\\/\\\/www.german-language-school.ch\\\/wp-content\\\/uploads\\\/2018\\\/06\\\/german-language-school-logo.svg\",\"width\":1,\"height\":1,\"caption\":\"German Language School\"},\"image\":{\"@id\":\"https:\\\/\\\/www.german-language-school.ch\\\/de\\\/#\\\/schema\\\/logo\\\/image\\\/\"},\"sameAs\":[\"https:\\\/\\\/www.facebook.com\\\/German-Language-School-219211915144627\\\/\"]}]}<\/script>\n<!-- \/ Yoast SEO plugin. -->","yoast_head_json":{"title":"Deutsch Pru\u0308fungsvorbereitungskurs - Goethe-\/ Telc-Pr\u00fcfung","description":"Im Pru\u0308fungsvorbereitungskurs werden Sie individuell auf die bevorstehende Goethe- oder telc-Pru\u0308fung vorbereitet.","robots":{"index":"index","follow":"follow","max-snippet":"max-snippet:-1","max-image-preview":"max-image-preview:large","max-video-preview":"max-video-preview:-1"},"canonical":"https:\/\/www.german-language-school.ch\/de\/aktuelles-kursangebot-deutsch\/pruefungsvorbereitungskurs-deutsch-2\/","og_locale":"de_DE","og_type":"article","og_title":"Deutsch Pru\u0308fungsvorbereitungskurs - Goethe-\/ Telc-Pr\u00fcfung","og_description":"Im Pru\u0308fungsvorbereitungskurs werden Sie individuell auf die bevorstehende Goethe- oder telc-Pru\u0308fung vorbereitet.","og_url":"https:\/\/www.german-language-school.ch\/de\/aktuelles-kursangebot-deutsch\/pruefungsvorbereitungskurs-deutsch-2\/","og_site_name":"German Language School","article_publisher":"https:\/\/www.facebook.com\/German-Language-School-219211915144627\/","article_modified_time":"2023-07-17T11:42:58+00:00","twitter_card":"summary_large_image","twitter_misc":{"Gesch\u00e4tzte Lesezeit":"1\u00a0Minute"},"schema":{"@context":"https:\/\/schema.org","@graph":[{"@type":"WebPage","@id":"https:\/\/www.german-language-school.ch\/de\/aktuelles-kursangebot-deutsch\/pruefungsvorbereitungskurs-deutsch-2\/","url":"https:\/\/www.german-language-school.ch\/de\/aktuelles-kursangebot-deutsch\/pruefungsvorbereitungskurs-deutsch-2\/","name":"Deutsch Pru\u0308fungsvorbereitungskurs - Goethe-\/ Telc-Pr\u00fcfung","isPartOf":{"@id":"https:\/\/www.german-language-school.ch\/de\/#website"},"datePublished":"2016-01-06T19:00:18+00:00","dateModified":"2023-07-17T11:42:58+00:00","description":"Im Pru\u0308fungsvorbereitungskurs werden Sie individuell auf die bevorstehende Goethe- oder telc-Pru\u0308fung vorbereitet.","breadcrumb":{"@id":"https:\/\/www.german-language-school.ch\/de\/aktuelles-kursangebot-deutsch\/pruefungsvorbereitungskurs-deutsch-2\/#breadcrumb"},"inLanguage":"de","potentialAction":[{"@type":"ReadAction","target":["https:\/\/www.german-language-school.ch\/de\/aktuelles-kursangebot-deutsch\/pruefungsvorbereitungskurs-deutsch-2\/"]}]},{"@type":"BreadcrumbList","@id":"https:\/\/www.german-language-school.ch\/de\/aktuelles-kursangebot-deutsch\/pruefungsvorbereitungskurs-deutsch-2\/#breadcrumb","itemListElement":[{"@type":"ListItem","position":1,"name":"Home","item":"https:\/\/www.german-language-school.ch\/de\/"},{"@type":"ListItem","position":2,"name":"Aktuelle DeutschkurseWir bieten Ihnen den passenden Kurs!","item":"https:\/\/www.german-language-school.ch\/de\/aktuelles-kursangebot-deutsch\/"},{"@type":"ListItem","position":3,"name":"Pr\u00fcfungsvorbereitung (Goethe-Zertfifikat \/ Telc)"}]},{"@type":"WebSite","@id":"https:\/\/www.german-language-school.ch\/de\/#website","url":"https:\/\/www.german-language-school.ch\/de\/","name":"German Language School","description":"Eine weitere WordPress-Seite","publisher":{"@id":"https:\/\/www.german-language-school.ch\/de\/#organization"},"potentialAction":[{"@type":"SearchAction","target":{"@type":"EntryPoint","urlTemplate":"https:\/\/www.german-language-school.ch\/de\/?s={search_term_string}"},"query-input":{"@type":"PropertyValueSpecification","valueRequired":true,"valueName":"search_term_string"}}],"inLanguage":"de"},{"@type":"Organization","@id":"https:\/\/www.german-language-school.ch\/de\/#organization","name":"German Language School","url":"https:\/\/www.german-language-school.ch\/de\/","logo":{"@type":"ImageObject","inLanguage":"de","@id":"https:\/\/www.german-language-school.ch\/de\/#\/schema\/logo\/image\/","url":"https:\/\/www.german-language-school.ch\/wp-content\/uploads\/2018\/06\/german-language-school-logo.svg","contentUrl":"https:\/\/www.german-language-school.ch\/wp-content\/uploads\/2018\/06\/german-language-school-logo.svg","width":1,"height":1,"caption":"German Language School"},"image":{"@id":"https:\/\/www.german-language-school.ch\/de\/#\/schema\/logo\/image\/"},"sameAs":["https:\/\/www.facebook.com\/German-Language-School-219211915144627\/"]}]}},"_links":{"self":[{"href":"https:\/\/www.german-language-school.ch\/de\/wp-json\/wp\/v2\/pages\/112","targetHints":{"allow":["GET"]}}],"collection":[{"href":"https:\/\/www.german-language-school.ch\/de\/wp-json\/wp\/v2\/pages"}],"about":[{"href":"https:\/\/www.german-language-school.ch\/de\/wp-json\/wp\/v2\/types\/page"}],"author":[{"embeddable":true,"href":"https:\/\/www.german-language-school.ch\/de\/wp-json\/wp\/v2\/users\/3"}],"replies":[{"embeddable":true,"href":"https:\/\/www.german-language-school.ch\/de\/wp-json\/wp\/v2\/comments?post=112"}],"version-history":[{"count":13,"href":"https:\/\/www.german-language-school.ch\/de\/wp-json\/wp\/v2\/pages\/112\/revisions"}],"predecessor-version":[{"id":1964,"href":"https:\/\/www.german-language-school.ch\/de\/wp-json\/wp\/v2\/pages\/112\/revisions\/1964"}],"up":[{"embeddable":true,"href":"https:\/\/www.german-language-school.ch\/de\/wp-json\/wp\/v2\/pages\/409"}],"wp:attachment":[{"href":"https:\/\/www.german-language-school.ch\/de\/wp-json\/wp\/v2\/media?parent=112"}],"curies":[{"name":"wp","href":"https:\/\/api.w.org\/{rel}","templated":true}]}}