{"id":121,"date":"2016-01-06T21:13:01","date_gmt":"2016-01-06T20:13:01","guid":{"rendered":"http:\/\/stage.german-language-school.ch\/?page_id=121&#038;lang=de"},"modified":"2023-07-17T13:40:16","modified_gmt":"2023-07-17T11:40:16","slug":"ib-pruefungs-kurs","status":"publish","type":"page","link":"https:\/\/www.german-language-school.ch\/de\/aktuelles-kursangebot-deutsch\/ib-pruefungs-kurs\/","title":{"rendered":"IB &#8211; Vorbereitung"},"content":{"rendered":"<p>Der IB \u2013 Vorbereitungskurs richtet sich an Sch\u00fcler der Internationalen Schulen, die Deutsch als ein Fach ihrer IB-Pr\u00fcfung gew\u00e4hlt haben. Der Kurs wird von einer qualifizierten Lehrperson durchgef\u00fchrt, die mit den Schullehrern in Kontakt steht und somit jeden Sch\u00fcler individuell auf seine Pr\u00fcfung vorbereiten kann. Dabei werden alle Pr\u00fcfungsteile trainiert, wichtige grammatische Strukturen wiederholt und relevante Strukturen f\u00fcr die m\u00fcndliche Pr\u00fcfung einstudiert.<\/p>\n<h2>Bemerkungen<\/h2>\n<ul class=\"arrow\">\n<li>F\u00fcr Privat &amp; Semiprivat- Unterricht<\/li>\n<li>Lektionenanzahl: Variiert je nach Pr\u00fcfung und Vorkenntnissen der Teilnehmer<\/li>\n<li>Kurstage: Flexible Termine nach Absprache<\/li>\n<li>Ort: in Egg oder in Ihren R\u00e4umen<\/li>\n<\/ul>\n<h2>Preise<\/h2>\n<div class=\"row\">\n<div class=\"col-sm-4\">Auf Anfrage<\/div>\n<\/div>\n","protected":false},"excerpt":{"rendered":"<p>Der IB \u2013 Vorbereitungskurs richtet sich an Sch\u00fcler der Internationalen Schulen, die Deutsch als ein Fach ihrer IB-Pr\u00fcfung gew\u00e4hlt haben. Der Kurs wird von einer qualifizierten Lehrperson durchgef\u00fchrt, die mit den Schullehrern in Kontakt steht und somit jeden Sch\u00fcler individuell auf seine Pr\u00fcfung vorbereiten kann. Dabei werden alle Pr\u00fcfungsteile trainiert, wichtige grammatische Strukturen wiederholt und [&hellip;]<\/p>\n","protected":false},"author":3,"featured_media":0,"parent":409,"menu_order":10,"comment_status":"open","ping_status":"closed","template":"template-courses.php","meta":{"_acf_changed":false,"footnotes":""},"class_list":["post-121","page","type-page","status-publish","hentry"],"acf":[],"yoast_head":"<!-- This site is optimized with the Yoast SEO plugin v27.5 - https:\/\/yoast.com\/product\/yoast-seo-wordpress\/ -->\n<title>Deutsch IB-Vorbereitungskurs f\u00fcr Sch\u00fcler an Int. Schulen<\/title>\n<meta name=\"description\" content=\"Der IB \u2013 Vorbereitungskurs richtet sich an Sch\u00fcler der Internationalen Schulen, die Deutsch als ein Fach ihrer IB-Pr\u00fcfung gew\u00e4hlt haben.\" \/>\n<meta name=\"robots\" content=\"index, follow, max-snippet:-1, max-image-preview:large, max-video-preview:-1\" \/>\n<link rel=\"canonical\" href=\"https:\/\/www.german-language-school.ch\/de\/aktuelles-kursangebot-deutsch\/ib-pruefungs-kurs\/\" \/>\n<meta property=\"og:locale\" content=\"de_DE\" \/>\n<meta property=\"og:type\" content=\"article\" \/>\n<meta property=\"og:title\" content=\"Deutsch IB-Vorbereitungskurs f\u00fcr Sch\u00fcler an Int. Schulen\" \/>\n<meta property=\"og:description\" content=\"Der IB \u2013 Vorbereitungskurs richtet sich an Sch\u00fcler der Internationalen Schulen, die Deutsch als ein Fach ihrer IB-Pr\u00fcfung gew\u00e4hlt haben.\" \/>\n<meta property=\"og:url\" content=\"https:\/\/www.german-language-school.ch\/de\/aktuelles-kursangebot-deutsch\/ib-pruefungs-kurs\/\" \/>\n<meta property=\"og:site_name\" content=\"German Language School\" \/>\n<meta property=\"article:publisher\" content=\"https:\/\/www.facebook.com\/German-Language-School-219211915144627\/\" \/>\n<meta property=\"article:modified_time\" content=\"2023-07-17T11:40:16+00:00\" \/>\n<meta name=\"twitter:card\" content=\"summary_large_image\" \/>\n<meta name=\"twitter:label1\" content=\"Gesch\u00e4tzte Lesezeit\" \/>\n\t<meta name=\"twitter:data1\" content=\"1\u00a0Minute\" \/>\n<script type=\"application\/ld+json\" class=\"yoast-schema-graph\">{\"@context\":\"https:\\\/\\\/schema.org\",\"@graph\":[{\"@type\":\"WebPage\",\"@id\":\"https:\\\/\\\/www.german-language-school.ch\\\/de\\\/aktuelles-kursangebot-deutsch\\\/ib-pruefungs-kurs\\\/\",\"url\":\"https:\\\/\\\/www.german-language-school.ch\\\/de\\\/aktuelles-kursangebot-deutsch\\\/ib-pruefungs-kurs\\\/\",\"name\":\"Deutsch IB-Vorbereitungskurs f\u00fcr Sch\u00fcler an Int. Schulen\",\"isPartOf\":{\"@id\":\"https:\\\/\\\/www.german-language-school.ch\\\/de\\\/#website\"},\"datePublished\":\"2016-01-06T20:13:01+00:00\",\"dateModified\":\"2023-07-17T11:40:16+00:00\",\"description\":\"Der IB \u2013 Vorbereitungskurs richtet sich an Sch\u00fcler der Internationalen Schulen, die Deutsch als ein Fach ihrer IB-Pr\u00fcfung gew\u00e4hlt haben.\",\"breadcrumb\":{\"@id\":\"https:\\\/\\\/www.german-language-school.ch\\\/de\\\/aktuelles-kursangebot-deutsch\\\/ib-pruefungs-kurs\\\/#breadcrumb\"},\"inLanguage\":\"de\",\"potentialAction\":[{\"@type\":\"ReadAction\",\"target\":[\"https:\\\/\\\/www.german-language-school.ch\\\/de\\\/aktuelles-kursangebot-deutsch\\\/ib-pruefungs-kurs\\\/\"]}]},{\"@type\":\"BreadcrumbList\",\"@id\":\"https:\\\/\\\/www.german-language-school.ch\\\/de\\\/aktuelles-kursangebot-deutsch\\\/ib-pruefungs-kurs\\\/#breadcrumb\",\"itemListElement\":[{\"@type\":\"ListItem\",\"position\":1,\"name\":\"Home\",\"item\":\"https:\\\/\\\/www.german-language-school.ch\\\/de\\\/\"},{\"@type\":\"ListItem\",\"position\":2,\"name\":\"Aktuelle DeutschkurseWir bieten Ihnen den passenden Kurs!\",\"item\":\"https:\\\/\\\/www.german-language-school.ch\\\/de\\\/aktuelles-kursangebot-deutsch\\\/\"},{\"@type\":\"ListItem\",\"position\":3,\"name\":\"IB &#8211; Vorbereitung\"}]},{\"@type\":\"WebSite\",\"@id\":\"https:\\\/\\\/www.german-language-school.ch\\\/de\\\/#website\",\"url\":\"https:\\\/\\\/www.german-language-school.ch\\\/de\\\/\",\"name\":\"German Language School\",\"description\":\"Eine weitere WordPress-Seite\",\"publisher\":{\"@id\":\"https:\\\/\\\/www.german-language-school.ch\\\/de\\\/#organization\"},\"potentialAction\":[{\"@type\":\"SearchAction\",\"target\":{\"@type\":\"EntryPoint\",\"urlTemplate\":\"https:\\\/\\\/www.german-language-school.ch\\\/de\\\/?s={search_term_string}\"},\"query-input\":{\"@type\":\"PropertyValueSpecification\",\"valueRequired\":true,\"valueName\":\"search_term_string\"}}],\"inLanguage\":\"de\"},{\"@type\":\"Organization\",\"@id\":\"https:\\\/\\\/www.german-language-school.ch\\\/de\\\/#organization\",\"name\":\"German Language School\",\"url\":\"https:\\\/\\\/www.german-language-school.ch\\\/de\\\/\",\"logo\":{\"@type\":\"ImageObject\",\"inLanguage\":\"de\",\"@id\":\"https:\\\/\\\/www.german-language-school.ch\\\/de\\\/#\\\/schema\\\/logo\\\/image\\\/\",\"url\":\"https:\\\/\\\/www.german-language-school.ch\\\/wp-content\\\/uploads\\\/2018\\\/06\\\/german-language-school-logo.svg\",\"contentUrl\":\"https:\\\/\\\/www.german-language-school.ch\\\/wp-content\\\/uploads\\\/2018\\\/06\\\/german-language-school-logo.svg\",\"width\":1,\"height\":1,\"caption\":\"German Language School\"},\"image\":{\"@id\":\"https:\\\/\\\/www.german-language-school.ch\\\/de\\\/#\\\/schema\\\/logo\\\/image\\\/\"},\"sameAs\":[\"https:\\\/\\\/www.facebook.com\\\/German-Language-School-219211915144627\\\/\"]}]}<\/script>\n<!-- \/ Yoast SEO plugin. -->","yoast_head_json":{"title":"Deutsch IB-Vorbereitungskurs f\u00fcr Sch\u00fcler an Int. Schulen","description":"Der IB \u2013 Vorbereitungskurs richtet sich an Sch\u00fcler der Internationalen Schulen, die Deutsch als ein Fach ihrer IB-Pr\u00fcfung gew\u00e4hlt haben.","robots":{"index":"index","follow":"follow","max-snippet":"max-snippet:-1","max-image-preview":"max-image-preview:large","max-video-preview":"max-video-preview:-1"},"canonical":"https:\/\/www.german-language-school.ch\/de\/aktuelles-kursangebot-deutsch\/ib-pruefungs-kurs\/","og_locale":"de_DE","og_type":"article","og_title":"Deutsch IB-Vorbereitungskurs f\u00fcr Sch\u00fcler an Int. Schulen","og_description":"Der IB \u2013 Vorbereitungskurs richtet sich an Sch\u00fcler der Internationalen Schulen, die Deutsch als ein Fach ihrer IB-Pr\u00fcfung gew\u00e4hlt haben.","og_url":"https:\/\/www.german-language-school.ch\/de\/aktuelles-kursangebot-deutsch\/ib-pruefungs-kurs\/","og_site_name":"German Language School","article_publisher":"https:\/\/www.facebook.com\/German-Language-School-219211915144627\/","article_modified_time":"2023-07-17T11:40:16+00:00","twitter_card":"summary_large_image","twitter_misc":{"Gesch\u00e4tzte Lesezeit":"1\u00a0Minute"},"schema":{"@context":"https:\/\/schema.org","@graph":[{"@type":"WebPage","@id":"https:\/\/www.german-language-school.ch\/de\/aktuelles-kursangebot-deutsch\/ib-pruefungs-kurs\/","url":"https:\/\/www.german-language-school.ch\/de\/aktuelles-kursangebot-deutsch\/ib-pruefungs-kurs\/","name":"Deutsch IB-Vorbereitungskurs f\u00fcr Sch\u00fcler an Int. Schulen","isPartOf":{"@id":"https:\/\/www.german-language-school.ch\/de\/#website"},"datePublished":"2016-01-06T20:13:01+00:00","dateModified":"2023-07-17T11:40:16+00:00","description":"Der IB \u2013 Vorbereitungskurs richtet sich an Sch\u00fcler der Internationalen Schulen, die Deutsch als ein Fach ihrer IB-Pr\u00fcfung gew\u00e4hlt haben.","breadcrumb":{"@id":"https:\/\/www.german-language-school.ch\/de\/aktuelles-kursangebot-deutsch\/ib-pruefungs-kurs\/#breadcrumb"},"inLanguage":"de","potentialAction":[{"@type":"ReadAction","target":["https:\/\/www.german-language-school.ch\/de\/aktuelles-kursangebot-deutsch\/ib-pruefungs-kurs\/"]}]},{"@type":"BreadcrumbList","@id":"https:\/\/www.german-language-school.ch\/de\/aktuelles-kursangebot-deutsch\/ib-pruefungs-kurs\/#breadcrumb","itemListElement":[{"@type":"ListItem","position":1,"name":"Home","item":"https:\/\/www.german-language-school.ch\/de\/"},{"@type":"ListItem","position":2,"name":"Aktuelle DeutschkurseWir bieten Ihnen den passenden Kurs!","item":"https:\/\/www.german-language-school.ch\/de\/aktuelles-kursangebot-deutsch\/"},{"@type":"ListItem","position":3,"name":"IB &#8211; Vorbereitung"}]},{"@type":"WebSite","@id":"https:\/\/www.german-language-school.ch\/de\/#website","url":"https:\/\/www.german-language-school.ch\/de\/","name":"German Language School","description":"Eine weitere WordPress-Seite","publisher":{"@id":"https:\/\/www.german-language-school.ch\/de\/#organization"},"potentialAction":[{"@type":"SearchAction","target":{"@type":"EntryPoint","urlTemplate":"https:\/\/www.german-language-school.ch\/de\/?s={search_term_string}"},"query-input":{"@type":"PropertyValueSpecification","valueRequired":true,"valueName":"search_term_string"}}],"inLanguage":"de"},{"@type":"Organization","@id":"https:\/\/www.german-language-school.ch\/de\/#organization","name":"German Language School","url":"https:\/\/www.german-language-school.ch\/de\/","logo":{"@type":"ImageObject","inLanguage":"de","@id":"https:\/\/www.german-language-school.ch\/de\/#\/schema\/logo\/image\/","url":"https:\/\/www.german-language-school.ch\/wp-content\/uploads\/2018\/06\/german-language-school-logo.svg","contentUrl":"https:\/\/www.german-language-school.ch\/wp-content\/uploads\/2018\/06\/german-language-school-logo.svg","width":1,"height":1,"caption":"German Language School"},"image":{"@id":"https:\/\/www.german-language-school.ch\/de\/#\/schema\/logo\/image\/"},"sameAs":["https:\/\/www.facebook.com\/German-Language-School-219211915144627\/"]}]}},"_links":{"self":[{"href":"https:\/\/www.german-language-school.ch\/de\/wp-json\/wp\/v2\/pages\/121","targetHints":{"allow":["GET"]}}],"collection":[{"href":"https:\/\/www.german-language-school.ch\/de\/wp-json\/wp\/v2\/pages"}],"about":[{"href":"https:\/\/www.german-language-school.ch\/de\/wp-json\/wp\/v2\/types\/page"}],"author":[{"embeddable":true,"href":"https:\/\/www.german-language-school.ch\/de\/wp-json\/wp\/v2\/users\/3"}],"replies":[{"embeddable":true,"href":"https:\/\/www.german-language-school.ch\/de\/wp-json\/wp\/v2\/comments?post=121"}],"version-history":[{"count":10,"href":"https:\/\/www.german-language-school.ch\/de\/wp-json\/wp\/v2\/pages\/121\/revisions"}],"predecessor-version":[{"id":1963,"href":"https:\/\/www.german-language-school.ch\/de\/wp-json\/wp\/v2\/pages\/121\/revisions\/1963"}],"up":[{"embeddable":true,"href":"https:\/\/www.german-language-school.ch\/de\/wp-json\/wp\/v2\/pages\/409"}],"wp:attachment":[{"href":"https:\/\/www.german-language-school.ch\/de\/wp-json\/wp\/v2\/media?parent=121"}],"curies":[{"name":"wp","href":"https:\/\/api.w.org\/{rel}","templated":true}]}}