{"id":1273,"date":"2019-07-08T22:47:26","date_gmt":"2019-07-08T20:47:26","guid":{"rendered":"http:\/\/www.german-language-school.ch\/?page_id=1273"},"modified":"2022-05-01T21:44:51","modified_gmt":"2022-05-01T19:44:51","slug":"b2-1-kurs-anfaenger-mittelstufe","status":"publish","type":"page","link":"https:\/\/www.german-language-school.ch\/de\/aktuelles-kursangebot-deutsch\/b2-1-kurs-anfaenger-mittelstufe\/","title":{"rendered":"B2.1 &#8211; Kurs (Mittelstufe)"},"content":{"rendered":"<p>Der B2 \u2013 Kurs konzentriert sich auf den Ausbau des Wortschatzes und das Training der Kommunikationsf\u00e4higkeit auf Mittelstufenniveau. Am Ende des Kurses kann der Hauptinhalt komplexer Texte verstanden und ein Gespr\u00e4ch dazu mit einem breiten Spektrum an Redemitteln gef\u00fchrt werden.<\/p>\n<p>Im Zusammenhang dazu wird das H\u00f6ren anspruchsvoller Beitr\u00e4ge trainiert und das Grammatikwissen durch vielseitige Strukturen bereichert. Dies geschieht durch den Einsatz verschiedener Medien, wie z.B. Kursb\u00fcchern, Podcasts, Leseheften, Kurzfilmen und Zeitungsartikeln. Neben aktuellen Beitr\u00e4gen werden u.a. folgende Themen behandelt:<\/p>\n<ul class=\"row arrow\">\n<li class=\"col-sm-4\">Leben<\/li>\n<li class=\"col-sm-4\">Kultur<\/li>\n<li class=\"col-sm-4\">Freizeit<\/li>\n<li class=\"col-sm-4\">Umwelt<\/li>\n<li class=\"col-sm-4\">Technik<\/li>\n<li class=\"col-sm-4\">Gesundheit<\/li>\n<\/ul>\n<p><strong>Bemerkungen<\/strong><\/p>\n<ul class=\"arrow\">\n<li>Vorkenntnisse n\u00f6tig (B1-Niveau sollte vorhanden sein)<\/li>\n<li>Kleingruppe (3-6 Teilnehmer)<\/li>\n<li>Dauer der Lektion: \u00a090 Minuten,\u00a0 2 x w\u00f6chentlich<\/li>\n<\/ul>\n","protected":false},"excerpt":{"rendered":"<p>Der B2 \u2013 Kurs konzentriert sich auf den Ausbau des Wortschatzes und das Training der Kommunikationsf\u00e4higkeit auf Mittelstufenniveau. Am Ende des Kurses kann der Hauptinhalt komplexer Texte verstanden und ein Gespr\u00e4ch dazu mit einem breiten Spektrum an Redemitteln gef\u00fchrt werden. Im Zusammenhang dazu wird das H\u00f6ren anspruchsvoller Beitr\u00e4ge trainiert und das Grammatikwissen durch vielseitige Strukturen [&hellip;]<\/p>\n","protected":false},"author":3,"featured_media":0,"parent":409,"menu_order":0,"comment_status":"closed","ping_status":"closed","template":"template-courses.php","meta":{"_acf_changed":false,"footnotes":""},"class_list":["post-1273","page","type-page","status-publish","hentry"],"acf":[],"yoast_head":"<!-- This site is optimized with the Yoast SEO plugin v27.5 - https:\/\/yoast.com\/product\/yoast-seo-wordpress\/ -->\n<title>B2.1 - Kurs (Mittelstufe) - German Language School<\/title>\n<meta name=\"robots\" content=\"index, follow, max-snippet:-1, max-image-preview:large, max-video-preview:-1\" \/>\n<link rel=\"canonical\" href=\"https:\/\/www.german-language-school.ch\/de\/aktuelles-kursangebot-deutsch\/b2-1-kurs-anfaenger-mittelstufe\/\" \/>\n<meta property=\"og:locale\" content=\"de_DE\" \/>\n<meta property=\"og:type\" content=\"article\" \/>\n<meta property=\"og:title\" content=\"B2.1 - Kurs (Mittelstufe) - German Language School\" \/>\n<meta property=\"og:description\" content=\"Der B2 \u2013 Kurs konzentriert sich auf den Ausbau des Wortschatzes und das Training der Kommunikationsf\u00e4higkeit auf Mittelstufenniveau. Am Ende des Kurses kann der Hauptinhalt komplexer Texte verstanden und ein Gespr\u00e4ch dazu mit einem breiten Spektrum an Redemitteln gef\u00fchrt werden. Im Zusammenhang dazu wird das H\u00f6ren anspruchsvoller Beitr\u00e4ge trainiert und das Grammatikwissen durch vielseitige Strukturen [&hellip;]\" \/>\n<meta property=\"og:url\" content=\"https:\/\/www.german-language-school.ch\/de\/aktuelles-kursangebot-deutsch\/b2-1-kurs-anfaenger-mittelstufe\/\" \/>\n<meta property=\"og:site_name\" content=\"German Language School\" \/>\n<meta property=\"article:publisher\" content=\"https:\/\/www.facebook.com\/German-Language-School-219211915144627\/\" \/>\n<meta property=\"article:modified_time\" content=\"2022-05-01T19:44:51+00:00\" \/>\n<meta name=\"twitter:card\" content=\"summary_large_image\" \/>\n<meta name=\"twitter:label1\" content=\"Gesch\u00e4tzte Lesezeit\" \/>\n\t<meta name=\"twitter:data1\" content=\"1\u00a0Minute\" \/>\n<script type=\"application\/ld+json\" class=\"yoast-schema-graph\">{\"@context\":\"https:\\\/\\\/schema.org\",\"@graph\":[{\"@type\":\"WebPage\",\"@id\":\"https:\\\/\\\/www.german-language-school.ch\\\/de\\\/aktuelles-kursangebot-deutsch\\\/b2-1-kurs-anfaenger-mittelstufe\\\/\",\"url\":\"https:\\\/\\\/www.german-language-school.ch\\\/de\\\/aktuelles-kursangebot-deutsch\\\/b2-1-kurs-anfaenger-mittelstufe\\\/\",\"name\":\"B2.1 - Kurs (Mittelstufe) - German Language School\",\"isPartOf\":{\"@id\":\"https:\\\/\\\/www.german-language-school.ch\\\/de\\\/#website\"},\"datePublished\":\"2019-07-08T20:47:26+00:00\",\"dateModified\":\"2022-05-01T19:44:51+00:00\",\"breadcrumb\":{\"@id\":\"https:\\\/\\\/www.german-language-school.ch\\\/de\\\/aktuelles-kursangebot-deutsch\\\/b2-1-kurs-anfaenger-mittelstufe\\\/#breadcrumb\"},\"inLanguage\":\"de\",\"potentialAction\":[{\"@type\":\"ReadAction\",\"target\":[\"https:\\\/\\\/www.german-language-school.ch\\\/de\\\/aktuelles-kursangebot-deutsch\\\/b2-1-kurs-anfaenger-mittelstufe\\\/\"]}]},{\"@type\":\"BreadcrumbList\",\"@id\":\"https:\\\/\\\/www.german-language-school.ch\\\/de\\\/aktuelles-kursangebot-deutsch\\\/b2-1-kurs-anfaenger-mittelstufe\\\/#breadcrumb\",\"itemListElement\":[{\"@type\":\"ListItem\",\"position\":1,\"name\":\"Home\",\"item\":\"https:\\\/\\\/www.german-language-school.ch\\\/de\\\/\"},{\"@type\":\"ListItem\",\"position\":2,\"name\":\"Aktuelle DeutschkurseWir bieten Ihnen den passenden Kurs!\",\"item\":\"https:\\\/\\\/www.german-language-school.ch\\\/de\\\/aktuelles-kursangebot-deutsch\\\/\"},{\"@type\":\"ListItem\",\"position\":3,\"name\":\"B2.1 &#8211; Kurs (Mittelstufe)\"}]},{\"@type\":\"WebSite\",\"@id\":\"https:\\\/\\\/www.german-language-school.ch\\\/de\\\/#website\",\"url\":\"https:\\\/\\\/www.german-language-school.ch\\\/de\\\/\",\"name\":\"German Language School\",\"description\":\"Eine weitere WordPress-Seite\",\"publisher\":{\"@id\":\"https:\\\/\\\/www.german-language-school.ch\\\/de\\\/#organization\"},\"potentialAction\":[{\"@type\":\"SearchAction\",\"target\":{\"@type\":\"EntryPoint\",\"urlTemplate\":\"https:\\\/\\\/www.german-language-school.ch\\\/de\\\/?s={search_term_string}\"},\"query-input\":{\"@type\":\"PropertyValueSpecification\",\"valueRequired\":true,\"valueName\":\"search_term_string\"}}],\"inLanguage\":\"de\"},{\"@type\":\"Organization\",\"@id\":\"https:\\\/\\\/www.german-language-school.ch\\\/de\\\/#organization\",\"name\":\"German Language School\",\"url\":\"https:\\\/\\\/www.german-language-school.ch\\\/de\\\/\",\"logo\":{\"@type\":\"ImageObject\",\"inLanguage\":\"de\",\"@id\":\"https:\\\/\\\/www.german-language-school.ch\\\/de\\\/#\\\/schema\\\/logo\\\/image\\\/\",\"url\":\"https:\\\/\\\/www.german-language-school.ch\\\/wp-content\\\/uploads\\\/2018\\\/06\\\/german-language-school-logo.svg\",\"contentUrl\":\"https:\\\/\\\/www.german-language-school.ch\\\/wp-content\\\/uploads\\\/2018\\\/06\\\/german-language-school-logo.svg\",\"width\":1,\"height\":1,\"caption\":\"German Language School\"},\"image\":{\"@id\":\"https:\\\/\\\/www.german-language-school.ch\\\/de\\\/#\\\/schema\\\/logo\\\/image\\\/\"},\"sameAs\":[\"https:\\\/\\\/www.facebook.com\\\/German-Language-School-219211915144627\\\/\"]}]}<\/script>\n<!-- \/ Yoast SEO plugin. -->","yoast_head_json":{"title":"B2.1 - Kurs (Mittelstufe) - German Language School","robots":{"index":"index","follow":"follow","max-snippet":"max-snippet:-1","max-image-preview":"max-image-preview:large","max-video-preview":"max-video-preview:-1"},"canonical":"https:\/\/www.german-language-school.ch\/de\/aktuelles-kursangebot-deutsch\/b2-1-kurs-anfaenger-mittelstufe\/","og_locale":"de_DE","og_type":"article","og_title":"B2.1 - Kurs (Mittelstufe) - German Language School","og_description":"Der B2 \u2013 Kurs konzentriert sich auf den Ausbau des Wortschatzes und das Training der Kommunikationsf\u00e4higkeit auf Mittelstufenniveau. Am Ende des Kurses kann der Hauptinhalt komplexer Texte verstanden und ein Gespr\u00e4ch dazu mit einem breiten Spektrum an Redemitteln gef\u00fchrt werden. Im Zusammenhang dazu wird das H\u00f6ren anspruchsvoller Beitr\u00e4ge trainiert und das Grammatikwissen durch vielseitige Strukturen [&hellip;]","og_url":"https:\/\/www.german-language-school.ch\/de\/aktuelles-kursangebot-deutsch\/b2-1-kurs-anfaenger-mittelstufe\/","og_site_name":"German Language School","article_publisher":"https:\/\/www.facebook.com\/German-Language-School-219211915144627\/","article_modified_time":"2022-05-01T19:44:51+00:00","twitter_card":"summary_large_image","twitter_misc":{"Gesch\u00e4tzte Lesezeit":"1\u00a0Minute"},"schema":{"@context":"https:\/\/schema.org","@graph":[{"@type":"WebPage","@id":"https:\/\/www.german-language-school.ch\/de\/aktuelles-kursangebot-deutsch\/b2-1-kurs-anfaenger-mittelstufe\/","url":"https:\/\/www.german-language-school.ch\/de\/aktuelles-kursangebot-deutsch\/b2-1-kurs-anfaenger-mittelstufe\/","name":"B2.1 - Kurs (Mittelstufe) - German Language School","isPartOf":{"@id":"https:\/\/www.german-language-school.ch\/de\/#website"},"datePublished":"2019-07-08T20:47:26+00:00","dateModified":"2022-05-01T19:44:51+00:00","breadcrumb":{"@id":"https:\/\/www.german-language-school.ch\/de\/aktuelles-kursangebot-deutsch\/b2-1-kurs-anfaenger-mittelstufe\/#breadcrumb"},"inLanguage":"de","potentialAction":[{"@type":"ReadAction","target":["https:\/\/www.german-language-school.ch\/de\/aktuelles-kursangebot-deutsch\/b2-1-kurs-anfaenger-mittelstufe\/"]}]},{"@type":"BreadcrumbList","@id":"https:\/\/www.german-language-school.ch\/de\/aktuelles-kursangebot-deutsch\/b2-1-kurs-anfaenger-mittelstufe\/#breadcrumb","itemListElement":[{"@type":"ListItem","position":1,"name":"Home","item":"https:\/\/www.german-language-school.ch\/de\/"},{"@type":"ListItem","position":2,"name":"Aktuelle DeutschkurseWir bieten Ihnen den passenden Kurs!","item":"https:\/\/www.german-language-school.ch\/de\/aktuelles-kursangebot-deutsch\/"},{"@type":"ListItem","position":3,"name":"B2.1 &#8211; Kurs (Mittelstufe)"}]},{"@type":"WebSite","@id":"https:\/\/www.german-language-school.ch\/de\/#website","url":"https:\/\/www.german-language-school.ch\/de\/","name":"German Language School","description":"Eine weitere WordPress-Seite","publisher":{"@id":"https:\/\/www.german-language-school.ch\/de\/#organization"},"potentialAction":[{"@type":"SearchAction","target":{"@type":"EntryPoint","urlTemplate":"https:\/\/www.german-language-school.ch\/de\/?s={search_term_string}"},"query-input":{"@type":"PropertyValueSpecification","valueRequired":true,"valueName":"search_term_string"}}],"inLanguage":"de"},{"@type":"Organization","@id":"https:\/\/www.german-language-school.ch\/de\/#organization","name":"German Language School","url":"https:\/\/www.german-language-school.ch\/de\/","logo":{"@type":"ImageObject","inLanguage":"de","@id":"https:\/\/www.german-language-school.ch\/de\/#\/schema\/logo\/image\/","url":"https:\/\/www.german-language-school.ch\/wp-content\/uploads\/2018\/06\/german-language-school-logo.svg","contentUrl":"https:\/\/www.german-language-school.ch\/wp-content\/uploads\/2018\/06\/german-language-school-logo.svg","width":1,"height":1,"caption":"German Language School"},"image":{"@id":"https:\/\/www.german-language-school.ch\/de\/#\/schema\/logo\/image\/"},"sameAs":["https:\/\/www.facebook.com\/German-Language-School-219211915144627\/"]}]}},"_links":{"self":[{"href":"https:\/\/www.german-language-school.ch\/de\/wp-json\/wp\/v2\/pages\/1273","targetHints":{"allow":["GET"]}}],"collection":[{"href":"https:\/\/www.german-language-school.ch\/de\/wp-json\/wp\/v2\/pages"}],"about":[{"href":"https:\/\/www.german-language-school.ch\/de\/wp-json\/wp\/v2\/types\/page"}],"author":[{"embeddable":true,"href":"https:\/\/www.german-language-school.ch\/de\/wp-json\/wp\/v2\/users\/3"}],"replies":[{"embeddable":true,"href":"https:\/\/www.german-language-school.ch\/de\/wp-json\/wp\/v2\/comments?post=1273"}],"version-history":[{"count":17,"href":"https:\/\/www.german-language-school.ch\/de\/wp-json\/wp\/v2\/pages\/1273\/revisions"}],"predecessor-version":[{"id":1852,"href":"https:\/\/www.german-language-school.ch\/de\/wp-json\/wp\/v2\/pages\/1273\/revisions\/1852"}],"up":[{"embeddable":true,"href":"https:\/\/www.german-language-school.ch\/de\/wp-json\/wp\/v2\/pages\/409"}],"wp:attachment":[{"href":"https:\/\/www.german-language-school.ch\/de\/wp-json\/wp\/v2\/media?parent=1273"}],"curies":[{"name":"wp","href":"https:\/\/api.w.org\/{rel}","templated":true}]}}