{"id":1293,"date":"2019-07-09T09:20:59","date_gmt":"2019-07-09T07:20:59","guid":{"rendered":"http:\/\/www.german-language-school.ch\/?page_id=1293"},"modified":"2022-05-01T21:45:23","modified_gmt":"2022-05-01T19:45:23","slug":"c1-1-kurs-oberstufe-2","status":"publish","type":"page","link":"https:\/\/www.german-language-school.ch\/de\/aktuelles-kursangebot-deutsch\/c1-1-kurs-oberstufe-2\/","title":{"rendered":"C1.1 Kurs (Oberstufe)"},"content":{"rendered":"<p>Der C1 \u2013 Kurs konzentriert sich auf das Verstehen l\u00e4ngerer und anspruchsvoller Texte sowie auf den Ausbau der m\u00fcndlichen Kommunikationsf\u00e4higkeit, um spontane \u00c4u\u00dferungen im sozialen, akademischen und beruflichen Umfeld problemlos verstehen und t\u00e4tigen zu k\u00f6nnen.<\/p>\n<p>Im Zusammenhang dazu wird das H\u00f6ren anspruchsvoller Beitr\u00e4ge trainiert und das Grammatikwissen durch vielseitige Strukturen bereichert. Anspruchsvolle Pr\u00e4sentationen zu ausgew\u00e4hlten Themen runden das Kursprogramm ab.<\/p>\n<p>Dies geschieht durch den Einsatz verschiedener Medien, wie z.B. Kursb\u00fcchern, Podcasts, Leseheften, Kurzfilmen und Zeitungsartikeln. Neben aktuellen Beitr\u00e4gen werden u.a. folgende Themen behandelt:<\/p>\n<ul class=\"row arrow\">\n<li class=\"col-sm-4\">Modernes Leben<\/li>\n<li class=\"col-sm-4\">Tourismus<\/li>\n<li class=\"col-sm-4\">Kunst<\/li>\n<li class=\"col-sm-4\">Psychologie<\/li>\n<li class=\"col-sm-4\">Literatur<\/li>\n<li class=\"col-sm-4\">Technologie<\/li>\n<\/ul>\n<p><strong>Bemerkungen<\/strong><\/p>\n<ul class=\"arrow\">\n<li>Vorkenntnisse auf B2-Niveau sollten vorhanden sein<\/li>\n<li>Kleingruppe (3-6 Teilnehmer)<\/li>\n<li>Dauer der Lektion: 90 Minuten, 1 x w\u00f6chentlich<\/li>\n<\/ul>\n","protected":false},"excerpt":{"rendered":"<p>Der C1 \u2013 Kurs konzentriert sich auf das Verstehen l\u00e4ngerer und anspruchsvoller Texte sowie auf den Ausbau der m\u00fcndlichen Kommunikationsf\u00e4higkeit, um spontane \u00c4u\u00dferungen im sozialen, akademischen und beruflichen Umfeld problemlos verstehen und t\u00e4tigen zu k\u00f6nnen. Im Zusammenhang dazu wird das H\u00f6ren anspruchsvoller Beitr\u00e4ge trainiert und das Grammatikwissen durch vielseitige Strukturen bereichert. Anspruchsvolle Pr\u00e4sentationen zu ausgew\u00e4hlten [&hellip;]<\/p>\n","protected":false},"author":3,"featured_media":0,"parent":409,"menu_order":0,"comment_status":"closed","ping_status":"closed","template":"template-courses.php","meta":{"_acf_changed":false,"footnotes":""},"class_list":["post-1293","page","type-page","status-publish","hentry"],"acf":[],"yoast_head":"<!-- This site is optimized with the Yoast SEO plugin v27.5 - https:\/\/yoast.com\/product\/yoast-seo-wordpress\/ -->\n<title>C1.1 Kurs (Oberstufe) - German Language School<\/title>\n<meta name=\"robots\" content=\"index, follow, max-snippet:-1, max-image-preview:large, max-video-preview:-1\" \/>\n<link rel=\"canonical\" href=\"https:\/\/www.german-language-school.ch\/de\/aktuelles-kursangebot-deutsch\/c1-1-kurs-oberstufe-2\/\" \/>\n<meta property=\"og:locale\" content=\"de_DE\" \/>\n<meta property=\"og:type\" content=\"article\" \/>\n<meta property=\"og:title\" content=\"C1.1 Kurs (Oberstufe) - German Language School\" \/>\n<meta property=\"og:description\" content=\"Der C1 \u2013 Kurs konzentriert sich auf das Verstehen l\u00e4ngerer und anspruchsvoller Texte sowie auf den Ausbau der m\u00fcndlichen Kommunikationsf\u00e4higkeit, um spontane \u00c4u\u00dferungen im sozialen, akademischen und beruflichen Umfeld problemlos verstehen und t\u00e4tigen zu k\u00f6nnen. Im Zusammenhang dazu wird das H\u00f6ren anspruchsvoller Beitr\u00e4ge trainiert und das Grammatikwissen durch vielseitige Strukturen bereichert. Anspruchsvolle Pr\u00e4sentationen zu ausgew\u00e4hlten [&hellip;]\" \/>\n<meta property=\"og:url\" content=\"https:\/\/www.german-language-school.ch\/de\/aktuelles-kursangebot-deutsch\/c1-1-kurs-oberstufe-2\/\" \/>\n<meta property=\"og:site_name\" content=\"German Language School\" \/>\n<meta property=\"article:publisher\" content=\"https:\/\/www.facebook.com\/German-Language-School-219211915144627\/\" \/>\n<meta property=\"article:modified_time\" content=\"2022-05-01T19:45:23+00:00\" \/>\n<meta name=\"twitter:card\" content=\"summary_large_image\" \/>\n<meta name=\"twitter:label1\" content=\"Gesch\u00e4tzte Lesezeit\" \/>\n\t<meta name=\"twitter:data1\" content=\"1\u00a0Minute\" \/>\n<script type=\"application\/ld+json\" class=\"yoast-schema-graph\">{\"@context\":\"https:\\\/\\\/schema.org\",\"@graph\":[{\"@type\":\"WebPage\",\"@id\":\"https:\\\/\\\/www.german-language-school.ch\\\/de\\\/aktuelles-kursangebot-deutsch\\\/c1-1-kurs-oberstufe-2\\\/\",\"url\":\"https:\\\/\\\/www.german-language-school.ch\\\/de\\\/aktuelles-kursangebot-deutsch\\\/c1-1-kurs-oberstufe-2\\\/\",\"name\":\"C1.1 Kurs (Oberstufe) - German Language School\",\"isPartOf\":{\"@id\":\"https:\\\/\\\/www.german-language-school.ch\\\/de\\\/#website\"},\"datePublished\":\"2019-07-09T07:20:59+00:00\",\"dateModified\":\"2022-05-01T19:45:23+00:00\",\"breadcrumb\":{\"@id\":\"https:\\\/\\\/www.german-language-school.ch\\\/de\\\/aktuelles-kursangebot-deutsch\\\/c1-1-kurs-oberstufe-2\\\/#breadcrumb\"},\"inLanguage\":\"de\",\"potentialAction\":[{\"@type\":\"ReadAction\",\"target\":[\"https:\\\/\\\/www.german-language-school.ch\\\/de\\\/aktuelles-kursangebot-deutsch\\\/c1-1-kurs-oberstufe-2\\\/\"]}]},{\"@type\":\"BreadcrumbList\",\"@id\":\"https:\\\/\\\/www.german-language-school.ch\\\/de\\\/aktuelles-kursangebot-deutsch\\\/c1-1-kurs-oberstufe-2\\\/#breadcrumb\",\"itemListElement\":[{\"@type\":\"ListItem\",\"position\":1,\"name\":\"Home\",\"item\":\"https:\\\/\\\/www.german-language-school.ch\\\/de\\\/\"},{\"@type\":\"ListItem\",\"position\":2,\"name\":\"Aktuelle DeutschkurseWir bieten Ihnen den passenden Kurs!\",\"item\":\"https:\\\/\\\/www.german-language-school.ch\\\/de\\\/aktuelles-kursangebot-deutsch\\\/\"},{\"@type\":\"ListItem\",\"position\":3,\"name\":\"C1.1 Kurs (Oberstufe)\"}]},{\"@type\":\"WebSite\",\"@id\":\"https:\\\/\\\/www.german-language-school.ch\\\/de\\\/#website\",\"url\":\"https:\\\/\\\/www.german-language-school.ch\\\/de\\\/\",\"name\":\"German Language School\",\"description\":\"Eine weitere WordPress-Seite\",\"publisher\":{\"@id\":\"https:\\\/\\\/www.german-language-school.ch\\\/de\\\/#organization\"},\"potentialAction\":[{\"@type\":\"SearchAction\",\"target\":{\"@type\":\"EntryPoint\",\"urlTemplate\":\"https:\\\/\\\/www.german-language-school.ch\\\/de\\\/?s={search_term_string}\"},\"query-input\":{\"@type\":\"PropertyValueSpecification\",\"valueRequired\":true,\"valueName\":\"search_term_string\"}}],\"inLanguage\":\"de\"},{\"@type\":\"Organization\",\"@id\":\"https:\\\/\\\/www.german-language-school.ch\\\/de\\\/#organization\",\"name\":\"German Language School\",\"url\":\"https:\\\/\\\/www.german-language-school.ch\\\/de\\\/\",\"logo\":{\"@type\":\"ImageObject\",\"inLanguage\":\"de\",\"@id\":\"https:\\\/\\\/www.german-language-school.ch\\\/de\\\/#\\\/schema\\\/logo\\\/image\\\/\",\"url\":\"https:\\\/\\\/www.german-language-school.ch\\\/wp-content\\\/uploads\\\/2018\\\/06\\\/german-language-school-logo.svg\",\"contentUrl\":\"https:\\\/\\\/www.german-language-school.ch\\\/wp-content\\\/uploads\\\/2018\\\/06\\\/german-language-school-logo.svg\",\"width\":1,\"height\":1,\"caption\":\"German Language School\"},\"image\":{\"@id\":\"https:\\\/\\\/www.german-language-school.ch\\\/de\\\/#\\\/schema\\\/logo\\\/image\\\/\"},\"sameAs\":[\"https:\\\/\\\/www.facebook.com\\\/German-Language-School-219211915144627\\\/\"]}]}<\/script>\n<!-- \/ Yoast SEO plugin. -->","yoast_head_json":{"title":"C1.1 Kurs (Oberstufe) - German Language School","robots":{"index":"index","follow":"follow","max-snippet":"max-snippet:-1","max-image-preview":"max-image-preview:large","max-video-preview":"max-video-preview:-1"},"canonical":"https:\/\/www.german-language-school.ch\/de\/aktuelles-kursangebot-deutsch\/c1-1-kurs-oberstufe-2\/","og_locale":"de_DE","og_type":"article","og_title":"C1.1 Kurs (Oberstufe) - German Language School","og_description":"Der C1 \u2013 Kurs konzentriert sich auf das Verstehen l\u00e4ngerer und anspruchsvoller Texte sowie auf den Ausbau der m\u00fcndlichen Kommunikationsf\u00e4higkeit, um spontane \u00c4u\u00dferungen im sozialen, akademischen und beruflichen Umfeld problemlos verstehen und t\u00e4tigen zu k\u00f6nnen. Im Zusammenhang dazu wird das H\u00f6ren anspruchsvoller Beitr\u00e4ge trainiert und das Grammatikwissen durch vielseitige Strukturen bereichert. Anspruchsvolle Pr\u00e4sentationen zu ausgew\u00e4hlten [&hellip;]","og_url":"https:\/\/www.german-language-school.ch\/de\/aktuelles-kursangebot-deutsch\/c1-1-kurs-oberstufe-2\/","og_site_name":"German Language School","article_publisher":"https:\/\/www.facebook.com\/German-Language-School-219211915144627\/","article_modified_time":"2022-05-01T19:45:23+00:00","twitter_card":"summary_large_image","twitter_misc":{"Gesch\u00e4tzte Lesezeit":"1\u00a0Minute"},"schema":{"@context":"https:\/\/schema.org","@graph":[{"@type":"WebPage","@id":"https:\/\/www.german-language-school.ch\/de\/aktuelles-kursangebot-deutsch\/c1-1-kurs-oberstufe-2\/","url":"https:\/\/www.german-language-school.ch\/de\/aktuelles-kursangebot-deutsch\/c1-1-kurs-oberstufe-2\/","name":"C1.1 Kurs (Oberstufe) - German Language School","isPartOf":{"@id":"https:\/\/www.german-language-school.ch\/de\/#website"},"datePublished":"2019-07-09T07:20:59+00:00","dateModified":"2022-05-01T19:45:23+00:00","breadcrumb":{"@id":"https:\/\/www.german-language-school.ch\/de\/aktuelles-kursangebot-deutsch\/c1-1-kurs-oberstufe-2\/#breadcrumb"},"inLanguage":"de","potentialAction":[{"@type":"ReadAction","target":["https:\/\/www.german-language-school.ch\/de\/aktuelles-kursangebot-deutsch\/c1-1-kurs-oberstufe-2\/"]}]},{"@type":"BreadcrumbList","@id":"https:\/\/www.german-language-school.ch\/de\/aktuelles-kursangebot-deutsch\/c1-1-kurs-oberstufe-2\/#breadcrumb","itemListElement":[{"@type":"ListItem","position":1,"name":"Home","item":"https:\/\/www.german-language-school.ch\/de\/"},{"@type":"ListItem","position":2,"name":"Aktuelle DeutschkurseWir bieten Ihnen den passenden Kurs!","item":"https:\/\/www.german-language-school.ch\/de\/aktuelles-kursangebot-deutsch\/"},{"@type":"ListItem","position":3,"name":"C1.1 Kurs (Oberstufe)"}]},{"@type":"WebSite","@id":"https:\/\/www.german-language-school.ch\/de\/#website","url":"https:\/\/www.german-language-school.ch\/de\/","name":"German Language School","description":"Eine weitere WordPress-Seite","publisher":{"@id":"https:\/\/www.german-language-school.ch\/de\/#organization"},"potentialAction":[{"@type":"SearchAction","target":{"@type":"EntryPoint","urlTemplate":"https:\/\/www.german-language-school.ch\/de\/?s={search_term_string}"},"query-input":{"@type":"PropertyValueSpecification","valueRequired":true,"valueName":"search_term_string"}}],"inLanguage":"de"},{"@type":"Organization","@id":"https:\/\/www.german-language-school.ch\/de\/#organization","name":"German Language School","url":"https:\/\/www.german-language-school.ch\/de\/","logo":{"@type":"ImageObject","inLanguage":"de","@id":"https:\/\/www.german-language-school.ch\/de\/#\/schema\/logo\/image\/","url":"https:\/\/www.german-language-school.ch\/wp-content\/uploads\/2018\/06\/german-language-school-logo.svg","contentUrl":"https:\/\/www.german-language-school.ch\/wp-content\/uploads\/2018\/06\/german-language-school-logo.svg","width":1,"height":1,"caption":"German Language School"},"image":{"@id":"https:\/\/www.german-language-school.ch\/de\/#\/schema\/logo\/image\/"},"sameAs":["https:\/\/www.facebook.com\/German-Language-School-219211915144627\/"]}]}},"_links":{"self":[{"href":"https:\/\/www.german-language-school.ch\/de\/wp-json\/wp\/v2\/pages\/1293","targetHints":{"allow":["GET"]}}],"collection":[{"href":"https:\/\/www.german-language-school.ch\/de\/wp-json\/wp\/v2\/pages"}],"about":[{"href":"https:\/\/www.german-language-school.ch\/de\/wp-json\/wp\/v2\/types\/page"}],"author":[{"embeddable":true,"href":"https:\/\/www.german-language-school.ch\/de\/wp-json\/wp\/v2\/users\/3"}],"replies":[{"embeddable":true,"href":"https:\/\/www.german-language-school.ch\/de\/wp-json\/wp\/v2\/comments?post=1293"}],"version-history":[{"count":15,"href":"https:\/\/www.german-language-school.ch\/de\/wp-json\/wp\/v2\/pages\/1293\/revisions"}],"predecessor-version":[{"id":1853,"href":"https:\/\/www.german-language-school.ch\/de\/wp-json\/wp\/v2\/pages\/1293\/revisions\/1853"}],"up":[{"embeddable":true,"href":"https:\/\/www.german-language-school.ch\/de\/wp-json\/wp\/v2\/pages\/409"}],"wp:attachment":[{"href":"https:\/\/www.german-language-school.ch\/de\/wp-json\/wp\/v2\/media?parent=1293"}],"curies":[{"name":"wp","href":"https:\/\/api.w.org\/{rel}","templated":true}]}}