{"id":135,"date":"2016-01-06T21:34:47","date_gmt":"2016-01-06T20:34:47","guid":{"rendered":"http:\/\/stage.german-language-school.ch\/?page_id=135&#038;lang=de"},"modified":"2023-10-03T18:55:00","modified_gmt":"2023-10-03T16:55:00","slug":"die-sprachschule-fuer-deutsch-der-naehe-von-zuerich","status":"publish","type":"page","link":"https:\/\/www.german-language-school.ch\/de\/","title":{"rendered":"Die Sprachschule f\u00fcr Deutsch in der N\u00e4he von Z\u00fcrich"},"content":{"rendered":"<p>Unsere German Language School nahe Z\u00fcrich bietet eine grosse Vielfalt an Kursen f\u00fcr Deutsch als Fremdsprache auf verschiedenen Niveaustufen. Die Kurse\u00a0 sind f\u00fcr maximal 6 Teilnehmer konzipiert und bieten Ihnen alles, was Sie brauchen, um entweder Deutsch zu lernen, zu verbessern oder aufzufrischen.<\/p>\n<p>Unsere qualifizierten und zertifizierten Lehrer werden Ihnen nicht nur dabei helfen, die Sprache zu lernen, sondern Sie auch bei den t\u00e4glichen Herausforderungen, die der Alltag in einem fremden Land mit sich bringt, unterst\u00fctzen. Dies kommt auch in unseren Deutschkursen zum Ausdruck, die immer Sprache und Kultur miteinander verbinden.<\/p>\n<p>Die German Language School befindet sich in Egg bei Z\u00fcrich, nur 5 min von der ICS Zumikon entfernt und verf\u00fcgt \u00fcber kostenlose Parkpl\u00e4tze und einen guten Anschluss an die Forchbahn.<\/p>\n<p>Wir w\u00fcrden uns freuen, Sie bald in einem unserer Kurse begr\u00fcssen zu k\u00f6nnen. Ein Einstieg ist jederzeit m\u00f6glich.<\/p>\n<div class=\"alert alert-info\" style=\"margin-top: 30px;\"><strong>COVID 19<\/strong><br \/>\nUnsere gesamten Kurse finden momentan online statt.<\/div>\n","protected":false},"excerpt":{"rendered":"<p>Unsere German Language School nahe Z\u00fcrich bietet eine grosse Vielfalt an Kursen f\u00fcr Deutsch als Fremdsprache auf verschiedenen Niveaustufen. Die Kurse\u00a0 sind f\u00fcr maximal 6 Teilnehmer konzipiert und bieten Ihnen alles, was Sie brauchen, um entweder Deutsch zu lernen, zu verbessern oder aufzufrischen. Unsere qualifizierten und zertifizierten Lehrer werden Ihnen nicht nur dabei helfen, die [&hellip;]<\/p>\n","protected":false},"author":3,"featured_media":0,"parent":0,"menu_order":3,"comment_status":"closed","ping_status":"closed","template":"template-startseite.php","meta":{"_acf_changed":false,"footnotes":""},"class_list":["post-135","page","type-page","status-publish","hentry"],"acf":[],"yoast_head":"<!-- This site is optimized with the Yoast SEO plugin v27.6 - https:\/\/yoast.com\/product\/yoast-seo-wordpress\/ -->\n<title>Ihre Sprachschule fu\u0308r Deutsch bei Zu\u0308rich<\/title>\n<meta name=\"description\" content=\"Die German Language School bietet Deutschkurse in Kleingruppen, ma\u00dfgeschneiderte Privatlektionen und Pru\u0308fungstraining fu\u0308r Goethe- und telc- Zertifikate.\" \/>\n<meta name=\"robots\" content=\"index, follow, max-snippet:-1, max-image-preview:large, max-video-preview:-1\" \/>\n<link rel=\"canonical\" href=\"https:\/\/www.german-language-school.ch\/de\/\" \/>\n<meta property=\"og:locale\" content=\"de_DE\" \/>\n<meta property=\"og:type\" content=\"article\" \/>\n<meta property=\"og:title\" content=\"Ihre Sprachschule fu\u0308r Deutsch bei Zu\u0308rich\" \/>\n<meta property=\"og:description\" content=\"Die German Language School bietet Deutschkurse in Kleingruppen, ma\u00dfgeschneiderte Privatlektionen und Pru\u0308fungstraining fu\u0308r Goethe- und telc- Zertifikate.\" \/>\n<meta property=\"og:url\" content=\"https:\/\/www.german-language-school.ch\/de\/\" \/>\n<meta property=\"og:site_name\" content=\"German Language School\" \/>\n<meta property=\"article:publisher\" content=\"https:\/\/www.facebook.com\/German-Language-School-219211915144627\/\" \/>\n<meta property=\"article:modified_time\" content=\"2023-10-03T16:55:00+00:00\" \/>\n<meta name=\"twitter:card\" content=\"summary_large_image\" \/>\n<meta name=\"twitter:label1\" content=\"Gesch\u00e4tzte Lesezeit\" \/>\n\t<meta name=\"twitter:data1\" content=\"1\u00a0Minute\" \/>\n<script type=\"application\/ld+json\" class=\"yoast-schema-graph\">{\"@context\":\"https:\\\/\\\/schema.org\",\"@graph\":[{\"@type\":\"WebPage\",\"@id\":\"https:\\\/\\\/www.german-language-school.ch\\\/de\\\/\",\"url\":\"https:\\\/\\\/www.german-language-school.ch\\\/de\\\/\",\"name\":\"Ihre Sprachschule fu\u0308r Deutsch bei Zu\u0308rich\",\"isPartOf\":{\"@id\":\"https:\\\/\\\/www.german-language-school.ch\\\/de\\\/#website\"},\"datePublished\":\"2016-01-06T20:34:47+00:00\",\"dateModified\":\"2023-10-03T16:55:00+00:00\",\"description\":\"Die German Language School bietet Deutschkurse in Kleingruppen, ma\u00dfgeschneiderte Privatlektionen und Pru\u0308fungstraining fu\u0308r Goethe- und telc- Zertifikate.\",\"breadcrumb\":{\"@id\":\"https:\\\/\\\/www.german-language-school.ch\\\/de\\\/#breadcrumb\"},\"inLanguage\":\"de\",\"potentialAction\":[{\"@type\":\"ReadAction\",\"target\":[\"https:\\\/\\\/www.german-language-school.ch\\\/de\\\/\"]}]},{\"@type\":\"BreadcrumbList\",\"@id\":\"https:\\\/\\\/www.german-language-school.ch\\\/de\\\/#breadcrumb\",\"itemListElement\":[{\"@type\":\"ListItem\",\"position\":1,\"name\":\"Home\",\"item\":\"https:\\\/\\\/www.german-language-school.ch\\\/de\\\/\"},{\"@type\":\"ListItem\",\"position\":2,\"name\":\"Die Sprachschule f\u00fcr Deutsch in der N\u00e4he von Z\u00fcrich\"}]},{\"@type\":\"WebSite\",\"@id\":\"https:\\\/\\\/www.german-language-school.ch\\\/de\\\/#website\",\"url\":\"https:\\\/\\\/www.german-language-school.ch\\\/de\\\/\",\"name\":\"German Language School\",\"description\":\"Eine weitere WordPress-Seite\",\"publisher\":{\"@id\":\"https:\\\/\\\/www.german-language-school.ch\\\/de\\\/#organization\"},\"potentialAction\":[{\"@type\":\"SearchAction\",\"target\":{\"@type\":\"EntryPoint\",\"urlTemplate\":\"https:\\\/\\\/www.german-language-school.ch\\\/de\\\/?s={search_term_string}\"},\"query-input\":{\"@type\":\"PropertyValueSpecification\",\"valueRequired\":true,\"valueName\":\"search_term_string\"}}],\"inLanguage\":\"de\"},{\"@type\":\"Organization\",\"@id\":\"https:\\\/\\\/www.german-language-school.ch\\\/de\\\/#organization\",\"name\":\"German Language School\",\"url\":\"https:\\\/\\\/www.german-language-school.ch\\\/de\\\/\",\"logo\":{\"@type\":\"ImageObject\",\"inLanguage\":\"de\",\"@id\":\"https:\\\/\\\/www.german-language-school.ch\\\/de\\\/#\\\/schema\\\/logo\\\/image\\\/\",\"url\":\"https:\\\/\\\/www.german-language-school.ch\\\/wp-content\\\/uploads\\\/2018\\\/06\\\/german-language-school-logo.svg\",\"contentUrl\":\"https:\\\/\\\/www.german-language-school.ch\\\/wp-content\\\/uploads\\\/2018\\\/06\\\/german-language-school-logo.svg\",\"width\":1,\"height\":1,\"caption\":\"German Language School\"},\"image\":{\"@id\":\"https:\\\/\\\/www.german-language-school.ch\\\/de\\\/#\\\/schema\\\/logo\\\/image\\\/\"},\"sameAs\":[\"https:\\\/\\\/www.facebook.com\\\/German-Language-School-219211915144627\\\/\"]}]}<\/script>\n<!-- \/ Yoast SEO plugin. -->","yoast_head_json":{"title":"Ihre Sprachschule fu\u0308r Deutsch bei Zu\u0308rich","description":"Die German Language School bietet Deutschkurse in Kleingruppen, ma\u00dfgeschneiderte Privatlektionen und Pru\u0308fungstraining fu\u0308r Goethe- und telc- Zertifikate.","robots":{"index":"index","follow":"follow","max-snippet":"max-snippet:-1","max-image-preview":"max-image-preview:large","max-video-preview":"max-video-preview:-1"},"canonical":"https:\/\/www.german-language-school.ch\/de\/","og_locale":"de_DE","og_type":"article","og_title":"Ihre Sprachschule fu\u0308r Deutsch bei Zu\u0308rich","og_description":"Die German Language School bietet Deutschkurse in Kleingruppen, ma\u00dfgeschneiderte Privatlektionen und Pru\u0308fungstraining fu\u0308r Goethe- und telc- Zertifikate.","og_url":"https:\/\/www.german-language-school.ch\/de\/","og_site_name":"German Language School","article_publisher":"https:\/\/www.facebook.com\/German-Language-School-219211915144627\/","article_modified_time":"2023-10-03T16:55:00+00:00","twitter_card":"summary_large_image","twitter_misc":{"Gesch\u00e4tzte Lesezeit":"1\u00a0Minute"},"schema":{"@context":"https:\/\/schema.org","@graph":[{"@type":"WebPage","@id":"https:\/\/www.german-language-school.ch\/de\/","url":"https:\/\/www.german-language-school.ch\/de\/","name":"Ihre Sprachschule fu\u0308r Deutsch bei Zu\u0308rich","isPartOf":{"@id":"https:\/\/www.german-language-school.ch\/de\/#website"},"datePublished":"2016-01-06T20:34:47+00:00","dateModified":"2023-10-03T16:55:00+00:00","description":"Die German Language School bietet Deutschkurse in Kleingruppen, ma\u00dfgeschneiderte Privatlektionen und Pru\u0308fungstraining fu\u0308r Goethe- und telc- Zertifikate.","breadcrumb":{"@id":"https:\/\/www.german-language-school.ch\/de\/#breadcrumb"},"inLanguage":"de","potentialAction":[{"@type":"ReadAction","target":["https:\/\/www.german-language-school.ch\/de\/"]}]},{"@type":"BreadcrumbList","@id":"https:\/\/www.german-language-school.ch\/de\/#breadcrumb","itemListElement":[{"@type":"ListItem","position":1,"name":"Home","item":"https:\/\/www.german-language-school.ch\/de\/"},{"@type":"ListItem","position":2,"name":"Die Sprachschule f\u00fcr Deutsch in der N\u00e4he von Z\u00fcrich"}]},{"@type":"WebSite","@id":"https:\/\/www.german-language-school.ch\/de\/#website","url":"https:\/\/www.german-language-school.ch\/de\/","name":"German Language School","description":"Eine weitere WordPress-Seite","publisher":{"@id":"https:\/\/www.german-language-school.ch\/de\/#organization"},"potentialAction":[{"@type":"SearchAction","target":{"@type":"EntryPoint","urlTemplate":"https:\/\/www.german-language-school.ch\/de\/?s={search_term_string}"},"query-input":{"@type":"PropertyValueSpecification","valueRequired":true,"valueName":"search_term_string"}}],"inLanguage":"de"},{"@type":"Organization","@id":"https:\/\/www.german-language-school.ch\/de\/#organization","name":"German Language School","url":"https:\/\/www.german-language-school.ch\/de\/","logo":{"@type":"ImageObject","inLanguage":"de","@id":"https:\/\/www.german-language-school.ch\/de\/#\/schema\/logo\/image\/","url":"https:\/\/www.german-language-school.ch\/wp-content\/uploads\/2018\/06\/german-language-school-logo.svg","contentUrl":"https:\/\/www.german-language-school.ch\/wp-content\/uploads\/2018\/06\/german-language-school-logo.svg","width":1,"height":1,"caption":"German Language School"},"image":{"@id":"https:\/\/www.german-language-school.ch\/de\/#\/schema\/logo\/image\/"},"sameAs":["https:\/\/www.facebook.com\/German-Language-School-219211915144627\/"]}]}},"_links":{"self":[{"href":"https:\/\/www.german-language-school.ch\/de\/wp-json\/wp\/v2\/pages\/135","targetHints":{"allow":["GET"]}}],"collection":[{"href":"https:\/\/www.german-language-school.ch\/de\/wp-json\/wp\/v2\/pages"}],"about":[{"href":"https:\/\/www.german-language-school.ch\/de\/wp-json\/wp\/v2\/types\/page"}],"author":[{"embeddable":true,"href":"https:\/\/www.german-language-school.ch\/de\/wp-json\/wp\/v2\/users\/3"}],"replies":[{"embeddable":true,"href":"https:\/\/www.german-language-school.ch\/de\/wp-json\/wp\/v2\/comments?post=135"}],"version-history":[{"count":36,"href":"https:\/\/www.german-language-school.ch\/de\/wp-json\/wp\/v2\/pages\/135\/revisions"}],"predecessor-version":[{"id":1999,"href":"https:\/\/www.german-language-school.ch\/de\/wp-json\/wp\/v2\/pages\/135\/revisions\/1999"}],"wp:attachment":[{"href":"https:\/\/www.german-language-school.ch\/de\/wp-json\/wp\/v2\/media?parent=135"}],"curies":[{"name":"wp","href":"https:\/\/api.w.org\/{rel}","templated":true}]}}