{"id":143,"date":"2016-01-09T18:51:07","date_gmt":"2016-01-09T17:51:07","guid":{"rendered":"http:\/\/stage.german-language-school.ch\/?page_id=143&#038;lang=de"},"modified":"2023-07-17T13:30:23","modified_gmt":"2023-07-17T11:30:23","slug":"ueber-uns","status":"publish","type":"page","link":"https:\/\/www.german-language-school.ch\/de\/ueber-uns\/","title":{"rendered":"\u00dcber mich"},"content":{"rendered":"<h2>Yvonne Herrmann-Teubel<\/h2>\n<p>Ihr Studium f\u00fcr Deutsch als Fremdsprache\/ Anglistik und Lusitanistik (Portugiesisch) absolvierte sie in Leipzig und Lissabon, bevor sie an der Universit\u00e4t von S\u00e3o Paulo als Dozentin zu unterrichten begann. Nach einer weiteren Dozentent\u00e4tigkeit in Deutschland kam sie in die Schweiz, wo sie ihre interkulturellen Erfahrungen seit 2008 in den Unterricht von Expats einfliessen l\u00e4sst. Sie stammt aus Deutschland, ist die Inhaberin von ExecuTeach \/ German Language School und lebt seit zehn Jahren in Z\u00fcrich.<\/p>\n","protected":false},"excerpt":{"rendered":"<p>Yvonne Herrmann-Teubel Ihr Studium f\u00fcr Deutsch als Fremdsprache\/ Anglistik und Lusitanistik (Portugiesisch) absolvierte sie in Leipzig und Lissabon, bevor sie an der Universit\u00e4t von S\u00e3o Paulo als Dozentin zu unterrichten begann. Nach einer weiteren Dozentent\u00e4tigkeit in Deutschland kam sie in die Schweiz, wo sie ihre interkulturellen Erfahrungen seit 2008 in den Unterricht von Expats einfliessen [&hellip;]<\/p>\n","protected":false},"author":3,"featured_media":0,"parent":0,"menu_order":4,"comment_status":"open","ping_status":"closed","template":"template-about.php","meta":{"_acf_changed":false,"footnotes":""},"class_list":["post-143","page","type-page","status-publish","hentry"],"acf":[],"yoast_head":"<!-- This site is optimized with the Yoast SEO plugin v27.5 - https:\/\/yoast.com\/product\/yoast-seo-wordpress\/ -->\n<title>Unser Team<\/title>\n<meta name=\"description\" content=\"Unser Team qualifizierter Lehrer versucht sein Bestes, Sie beim Deutschlernen zu unterst\u00fctzen, damit Sie Ihre Ziele erreichen.\" \/>\n<meta name=\"robots\" content=\"index, follow, max-snippet:-1, max-image-preview:large, max-video-preview:-1\" \/>\n<link rel=\"canonical\" href=\"https:\/\/www.german-language-school.ch\/de\/ueber-uns\/\" \/>\n<meta property=\"og:locale\" content=\"de_DE\" \/>\n<meta property=\"og:type\" content=\"article\" \/>\n<meta property=\"og:title\" content=\"Unser Team\" \/>\n<meta property=\"og:description\" content=\"Unser Team qualifizierter Lehrer versucht sein Bestes, Sie beim Deutschlernen zu unterst\u00fctzen, damit Sie Ihre Ziele erreichen.\" \/>\n<meta property=\"og:url\" content=\"https:\/\/www.german-language-school.ch\/de\/ueber-uns\/\" \/>\n<meta property=\"og:site_name\" content=\"German Language School\" \/>\n<meta property=\"article:publisher\" content=\"https:\/\/www.facebook.com\/German-Language-School-219211915144627\/\" \/>\n<meta property=\"article:modified_time\" content=\"2023-07-17T11:30:23+00:00\" \/>\n<meta name=\"twitter:card\" content=\"summary_large_image\" \/>\n<meta name=\"twitter:label1\" content=\"Gesch\u00e4tzte Lesezeit\" \/>\n\t<meta name=\"twitter:data1\" content=\"1\u00a0Minute\" \/>\n<script type=\"application\/ld+json\" class=\"yoast-schema-graph\">{\"@context\":\"https:\\\/\\\/schema.org\",\"@graph\":[{\"@type\":\"WebPage\",\"@id\":\"https:\\\/\\\/www.german-language-school.ch\\\/de\\\/ueber-uns\\\/\",\"url\":\"https:\\\/\\\/www.german-language-school.ch\\\/de\\\/ueber-uns\\\/\",\"name\":\"Unser Team\",\"isPartOf\":{\"@id\":\"https:\\\/\\\/www.german-language-school.ch\\\/de\\\/#website\"},\"datePublished\":\"2016-01-09T17:51:07+00:00\",\"dateModified\":\"2023-07-17T11:30:23+00:00\",\"description\":\"Unser Team qualifizierter Lehrer versucht sein Bestes, Sie beim Deutschlernen zu unterst\u00fctzen, damit Sie Ihre Ziele erreichen.\",\"breadcrumb\":{\"@id\":\"https:\\\/\\\/www.german-language-school.ch\\\/de\\\/ueber-uns\\\/#breadcrumb\"},\"inLanguage\":\"de\",\"potentialAction\":[{\"@type\":\"ReadAction\",\"target\":[\"https:\\\/\\\/www.german-language-school.ch\\\/de\\\/ueber-uns\\\/\"]}]},{\"@type\":\"BreadcrumbList\",\"@id\":\"https:\\\/\\\/www.german-language-school.ch\\\/de\\\/ueber-uns\\\/#breadcrumb\",\"itemListElement\":[{\"@type\":\"ListItem\",\"position\":1,\"name\":\"Home\",\"item\":\"https:\\\/\\\/www.german-language-school.ch\\\/de\\\/\"},{\"@type\":\"ListItem\",\"position\":2,\"name\":\"\u00dcber mich\"}]},{\"@type\":\"WebSite\",\"@id\":\"https:\\\/\\\/www.german-language-school.ch\\\/de\\\/#website\",\"url\":\"https:\\\/\\\/www.german-language-school.ch\\\/de\\\/\",\"name\":\"German Language School\",\"description\":\"Eine weitere WordPress-Seite\",\"publisher\":{\"@id\":\"https:\\\/\\\/www.german-language-school.ch\\\/de\\\/#organization\"},\"potentialAction\":[{\"@type\":\"SearchAction\",\"target\":{\"@type\":\"EntryPoint\",\"urlTemplate\":\"https:\\\/\\\/www.german-language-school.ch\\\/de\\\/?s={search_term_string}\"},\"query-input\":{\"@type\":\"PropertyValueSpecification\",\"valueRequired\":true,\"valueName\":\"search_term_string\"}}],\"inLanguage\":\"de\"},{\"@type\":\"Organization\",\"@id\":\"https:\\\/\\\/www.german-language-school.ch\\\/de\\\/#organization\",\"name\":\"German Language School\",\"url\":\"https:\\\/\\\/www.german-language-school.ch\\\/de\\\/\",\"logo\":{\"@type\":\"ImageObject\",\"inLanguage\":\"de\",\"@id\":\"https:\\\/\\\/www.german-language-school.ch\\\/de\\\/#\\\/schema\\\/logo\\\/image\\\/\",\"url\":\"https:\\\/\\\/www.german-language-school.ch\\\/wp-content\\\/uploads\\\/2018\\\/06\\\/german-language-school-logo.svg\",\"contentUrl\":\"https:\\\/\\\/www.german-language-school.ch\\\/wp-content\\\/uploads\\\/2018\\\/06\\\/german-language-school-logo.svg\",\"width\":1,\"height\":1,\"caption\":\"German Language School\"},\"image\":{\"@id\":\"https:\\\/\\\/www.german-language-school.ch\\\/de\\\/#\\\/schema\\\/logo\\\/image\\\/\"},\"sameAs\":[\"https:\\\/\\\/www.facebook.com\\\/German-Language-School-219211915144627\\\/\"]}]}<\/script>\n<!-- \/ Yoast SEO plugin. -->","yoast_head_json":{"title":"Unser Team","description":"Unser Team qualifizierter Lehrer versucht sein Bestes, Sie beim Deutschlernen zu unterst\u00fctzen, damit Sie Ihre Ziele erreichen.","robots":{"index":"index","follow":"follow","max-snippet":"max-snippet:-1","max-image-preview":"max-image-preview:large","max-video-preview":"max-video-preview:-1"},"canonical":"https:\/\/www.german-language-school.ch\/de\/ueber-uns\/","og_locale":"de_DE","og_type":"article","og_title":"Unser Team","og_description":"Unser Team qualifizierter Lehrer versucht sein Bestes, Sie beim Deutschlernen zu unterst\u00fctzen, damit Sie Ihre Ziele erreichen.","og_url":"https:\/\/www.german-language-school.ch\/de\/ueber-uns\/","og_site_name":"German Language School","article_publisher":"https:\/\/www.facebook.com\/German-Language-School-219211915144627\/","article_modified_time":"2023-07-17T11:30:23+00:00","twitter_card":"summary_large_image","twitter_misc":{"Gesch\u00e4tzte Lesezeit":"1\u00a0Minute"},"schema":{"@context":"https:\/\/schema.org","@graph":[{"@type":"WebPage","@id":"https:\/\/www.german-language-school.ch\/de\/ueber-uns\/","url":"https:\/\/www.german-language-school.ch\/de\/ueber-uns\/","name":"Unser Team","isPartOf":{"@id":"https:\/\/www.german-language-school.ch\/de\/#website"},"datePublished":"2016-01-09T17:51:07+00:00","dateModified":"2023-07-17T11:30:23+00:00","description":"Unser Team qualifizierter Lehrer versucht sein Bestes, Sie beim Deutschlernen zu unterst\u00fctzen, damit Sie Ihre Ziele erreichen.","breadcrumb":{"@id":"https:\/\/www.german-language-school.ch\/de\/ueber-uns\/#breadcrumb"},"inLanguage":"de","potentialAction":[{"@type":"ReadAction","target":["https:\/\/www.german-language-school.ch\/de\/ueber-uns\/"]}]},{"@type":"BreadcrumbList","@id":"https:\/\/www.german-language-school.ch\/de\/ueber-uns\/#breadcrumb","itemListElement":[{"@type":"ListItem","position":1,"name":"Home","item":"https:\/\/www.german-language-school.ch\/de\/"},{"@type":"ListItem","position":2,"name":"\u00dcber mich"}]},{"@type":"WebSite","@id":"https:\/\/www.german-language-school.ch\/de\/#website","url":"https:\/\/www.german-language-school.ch\/de\/","name":"German Language School","description":"Eine weitere WordPress-Seite","publisher":{"@id":"https:\/\/www.german-language-school.ch\/de\/#organization"},"potentialAction":[{"@type":"SearchAction","target":{"@type":"EntryPoint","urlTemplate":"https:\/\/www.german-language-school.ch\/de\/?s={search_term_string}"},"query-input":{"@type":"PropertyValueSpecification","valueRequired":true,"valueName":"search_term_string"}}],"inLanguage":"de"},{"@type":"Organization","@id":"https:\/\/www.german-language-school.ch\/de\/#organization","name":"German Language School","url":"https:\/\/www.german-language-school.ch\/de\/","logo":{"@type":"ImageObject","inLanguage":"de","@id":"https:\/\/www.german-language-school.ch\/de\/#\/schema\/logo\/image\/","url":"https:\/\/www.german-language-school.ch\/wp-content\/uploads\/2018\/06\/german-language-school-logo.svg","contentUrl":"https:\/\/www.german-language-school.ch\/wp-content\/uploads\/2018\/06\/german-language-school-logo.svg","width":1,"height":1,"caption":"German Language School"},"image":{"@id":"https:\/\/www.german-language-school.ch\/de\/#\/schema\/logo\/image\/"},"sameAs":["https:\/\/www.facebook.com\/German-Language-School-219211915144627\/"]}]}},"_links":{"self":[{"href":"https:\/\/www.german-language-school.ch\/de\/wp-json\/wp\/v2\/pages\/143","targetHints":{"allow":["GET"]}}],"collection":[{"href":"https:\/\/www.german-language-school.ch\/de\/wp-json\/wp\/v2\/pages"}],"about":[{"href":"https:\/\/www.german-language-school.ch\/de\/wp-json\/wp\/v2\/types\/page"}],"author":[{"embeddable":true,"href":"https:\/\/www.german-language-school.ch\/de\/wp-json\/wp\/v2\/users\/3"}],"replies":[{"embeddable":true,"href":"https:\/\/www.german-language-school.ch\/de\/wp-json\/wp\/v2\/comments?post=143"}],"version-history":[{"count":17,"href":"https:\/\/www.german-language-school.ch\/de\/wp-json\/wp\/v2\/pages\/143\/revisions"}],"predecessor-version":[{"id":1958,"href":"https:\/\/www.german-language-school.ch\/de\/wp-json\/wp\/v2\/pages\/143\/revisions\/1958"}],"wp:attachment":[{"href":"https:\/\/www.german-language-school.ch\/de\/wp-json\/wp\/v2\/media?parent=143"}],"curies":[{"name":"wp","href":"https:\/\/api.w.org\/{rel}","templated":true}]}}