{"id":1646,"date":"2021-08-15T20:18:48","date_gmt":"2021-08-15T18:18:48","guid":{"rendered":"https:\/\/www.german-language-school.ch\/?page_id=1646"},"modified":"2021-08-15T21:07:56","modified_gmt":"2021-08-15T19:07:56","slug":"lerncoaching","status":"publish","type":"page","link":"https:\/\/www.german-language-school.ch\/de\/lerncoaching\/","title":{"rendered":"Lerncoaching"},"content":{"rendered":"<p>Fragen Sie sich immer wieder, wie man am besten Deutsch lernen kann und sto\u00dfen immer wieder auf die gleichen Probleme:<\/p>\n<ul class=\"arrow\">\n<li>Angst beim Sprechen,<\/li>\n<li>Regelm\u00e4\u00dfiges Vokabeltraining ohne Erfolg,<\/li>\n<li>Kein Fortschritt trotz vieler LernApps,<\/li>\n<li>Hausaufgaben und doch kein Durchblick?<\/li>\n<\/ul>\n<p>Dann haben Sie vielleicht einfach noch nicht die richtige Methode gefunden. Viele Wege f\u00fchren zum Ziel \u2013 wir helfen Ihnen dabei, gemeinsam Ihren Weg zu finden! Dabei durchlaufen wir verschiedene Phasen:<\/p>\n<p>Zusammen analysieren wir den aktuellen Stand und definieren die Probleme. Danach arbeiten wir an der Beseitigung dieser und erstellen Ihren individuellen Plan, damit Sie diese Strategien in Ihren Alltag integrieren k\u00f6nnen ohne dass Ihnen der Spa\u00df abhandenkommt. Anhand von Feedbackgespr\u00e4chen \u00fcberpr\u00fcfen wir den Fortschritt und adaptieren gegebenenfalls die Strategie(n), damit Sie nicht nur erfolgreicher, sondern auch mit mehr Freude durchs Leben gehen.<\/p>\n","protected":false},"excerpt":{"rendered":"<p>Fragen Sie sich immer wieder, wie man am besten Deutsch lernen kann und sto\u00dfen immer wieder auf die gleichen Probleme: Angst beim Sprechen, Regelm\u00e4\u00dfiges Vokabeltraining ohne Erfolg, Kein Fortschritt trotz vieler LernApps, Hausaufgaben und doch kein Durchblick? Dann haben Sie vielleicht einfach noch nicht die richtige Methode gefunden. Viele Wege f\u00fchren zum Ziel \u2013 wir [&hellip;]<\/p>\n","protected":false},"author":1,"featured_media":0,"parent":0,"menu_order":0,"comment_status":"closed","ping_status":"closed","template":"template-courses-v2.php","meta":{"_acf_changed":false,"footnotes":""},"class_list":["post-1646","page","type-page","status-publish","hentry"],"acf":[],"yoast_head":"<!-- This site is optimized with the Yoast SEO plugin v27.5 - https:\/\/yoast.com\/product\/yoast-seo-wordpress\/ -->\n<title>Lerncoaching - German Language School<\/title>\n<meta name=\"robots\" content=\"index, follow, max-snippet:-1, max-image-preview:large, max-video-preview:-1\" \/>\n<link rel=\"canonical\" href=\"https:\/\/www.german-language-school.ch\/de\/lerncoaching\/\" \/>\n<meta property=\"og:locale\" content=\"de_DE\" \/>\n<meta property=\"og:type\" content=\"article\" \/>\n<meta property=\"og:title\" content=\"Lerncoaching - German Language School\" \/>\n<meta property=\"og:description\" content=\"Fragen Sie sich immer wieder, wie man am besten Deutsch lernen kann und sto\u00dfen immer wieder auf die gleichen Probleme: Angst beim Sprechen, Regelm\u00e4\u00dfiges Vokabeltraining ohne Erfolg, Kein Fortschritt trotz vieler LernApps, Hausaufgaben und doch kein Durchblick? Dann haben Sie vielleicht einfach noch nicht die richtige Methode gefunden. Viele Wege f\u00fchren zum Ziel \u2013 wir [&hellip;]\" \/>\n<meta property=\"og:url\" content=\"https:\/\/www.german-language-school.ch\/de\/lerncoaching\/\" \/>\n<meta property=\"og:site_name\" content=\"German Language School\" \/>\n<meta property=\"article:publisher\" content=\"https:\/\/www.facebook.com\/German-Language-School-219211915144627\/\" \/>\n<meta property=\"article:modified_time\" content=\"2021-08-15T19:07:56+00:00\" \/>\n<meta name=\"twitter:card\" content=\"summary_large_image\" \/>\n<meta name=\"twitter:label1\" content=\"Gesch\u00e4tzte Lesezeit\" \/>\n\t<meta name=\"twitter:data1\" content=\"1\u00a0Minute\" \/>\n<script type=\"application\/ld+json\" class=\"yoast-schema-graph\">{\"@context\":\"https:\\\/\\\/schema.org\",\"@graph\":[{\"@type\":\"WebPage\",\"@id\":\"https:\\\/\\\/www.german-language-school.ch\\\/de\\\/lerncoaching\\\/\",\"url\":\"https:\\\/\\\/www.german-language-school.ch\\\/de\\\/lerncoaching\\\/\",\"name\":\"Lerncoaching - German Language School\",\"isPartOf\":{\"@id\":\"https:\\\/\\\/www.german-language-school.ch\\\/de\\\/#website\"},\"datePublished\":\"2021-08-15T18:18:48+00:00\",\"dateModified\":\"2021-08-15T19:07:56+00:00\",\"breadcrumb\":{\"@id\":\"https:\\\/\\\/www.german-language-school.ch\\\/de\\\/lerncoaching\\\/#breadcrumb\"},\"inLanguage\":\"de\",\"potentialAction\":[{\"@type\":\"ReadAction\",\"target\":[\"https:\\\/\\\/www.german-language-school.ch\\\/de\\\/lerncoaching\\\/\"]}]},{\"@type\":\"BreadcrumbList\",\"@id\":\"https:\\\/\\\/www.german-language-school.ch\\\/de\\\/lerncoaching\\\/#breadcrumb\",\"itemListElement\":[{\"@type\":\"ListItem\",\"position\":1,\"name\":\"Home\",\"item\":\"https:\\\/\\\/www.german-language-school.ch\\\/de\\\/\"},{\"@type\":\"ListItem\",\"position\":2,\"name\":\"Lerncoaching\"}]},{\"@type\":\"WebSite\",\"@id\":\"https:\\\/\\\/www.german-language-school.ch\\\/de\\\/#website\",\"url\":\"https:\\\/\\\/www.german-language-school.ch\\\/de\\\/\",\"name\":\"German Language School\",\"description\":\"Eine weitere WordPress-Seite\",\"publisher\":{\"@id\":\"https:\\\/\\\/www.german-language-school.ch\\\/de\\\/#organization\"},\"potentialAction\":[{\"@type\":\"SearchAction\",\"target\":{\"@type\":\"EntryPoint\",\"urlTemplate\":\"https:\\\/\\\/www.german-language-school.ch\\\/de\\\/?s={search_term_string}\"},\"query-input\":{\"@type\":\"PropertyValueSpecification\",\"valueRequired\":true,\"valueName\":\"search_term_string\"}}],\"inLanguage\":\"de\"},{\"@type\":\"Organization\",\"@id\":\"https:\\\/\\\/www.german-language-school.ch\\\/de\\\/#organization\",\"name\":\"German Language School\",\"url\":\"https:\\\/\\\/www.german-language-school.ch\\\/de\\\/\",\"logo\":{\"@type\":\"ImageObject\",\"inLanguage\":\"de\",\"@id\":\"https:\\\/\\\/www.german-language-school.ch\\\/de\\\/#\\\/schema\\\/logo\\\/image\\\/\",\"url\":\"https:\\\/\\\/www.german-language-school.ch\\\/wp-content\\\/uploads\\\/2018\\\/06\\\/german-language-school-logo.svg\",\"contentUrl\":\"https:\\\/\\\/www.german-language-school.ch\\\/wp-content\\\/uploads\\\/2018\\\/06\\\/german-language-school-logo.svg\",\"width\":1,\"height\":1,\"caption\":\"German Language School\"},\"image\":{\"@id\":\"https:\\\/\\\/www.german-language-school.ch\\\/de\\\/#\\\/schema\\\/logo\\\/image\\\/\"},\"sameAs\":[\"https:\\\/\\\/www.facebook.com\\\/German-Language-School-219211915144627\\\/\"]}]}<\/script>\n<!-- \/ Yoast SEO plugin. -->","yoast_head_json":{"title":"Lerncoaching - German Language School","robots":{"index":"index","follow":"follow","max-snippet":"max-snippet:-1","max-image-preview":"max-image-preview:large","max-video-preview":"max-video-preview:-1"},"canonical":"https:\/\/www.german-language-school.ch\/de\/lerncoaching\/","og_locale":"de_DE","og_type":"article","og_title":"Lerncoaching - German Language School","og_description":"Fragen Sie sich immer wieder, wie man am besten Deutsch lernen kann und sto\u00dfen immer wieder auf die gleichen Probleme: Angst beim Sprechen, Regelm\u00e4\u00dfiges Vokabeltraining ohne Erfolg, Kein Fortschritt trotz vieler LernApps, Hausaufgaben und doch kein Durchblick? Dann haben Sie vielleicht einfach noch nicht die richtige Methode gefunden. Viele Wege f\u00fchren zum Ziel \u2013 wir [&hellip;]","og_url":"https:\/\/www.german-language-school.ch\/de\/lerncoaching\/","og_site_name":"German Language School","article_publisher":"https:\/\/www.facebook.com\/German-Language-School-219211915144627\/","article_modified_time":"2021-08-15T19:07:56+00:00","twitter_card":"summary_large_image","twitter_misc":{"Gesch\u00e4tzte Lesezeit":"1\u00a0Minute"},"schema":{"@context":"https:\/\/schema.org","@graph":[{"@type":"WebPage","@id":"https:\/\/www.german-language-school.ch\/de\/lerncoaching\/","url":"https:\/\/www.german-language-school.ch\/de\/lerncoaching\/","name":"Lerncoaching - German Language School","isPartOf":{"@id":"https:\/\/www.german-language-school.ch\/de\/#website"},"datePublished":"2021-08-15T18:18:48+00:00","dateModified":"2021-08-15T19:07:56+00:00","breadcrumb":{"@id":"https:\/\/www.german-language-school.ch\/de\/lerncoaching\/#breadcrumb"},"inLanguage":"de","potentialAction":[{"@type":"ReadAction","target":["https:\/\/www.german-language-school.ch\/de\/lerncoaching\/"]}]},{"@type":"BreadcrumbList","@id":"https:\/\/www.german-language-school.ch\/de\/lerncoaching\/#breadcrumb","itemListElement":[{"@type":"ListItem","position":1,"name":"Home","item":"https:\/\/www.german-language-school.ch\/de\/"},{"@type":"ListItem","position":2,"name":"Lerncoaching"}]},{"@type":"WebSite","@id":"https:\/\/www.german-language-school.ch\/de\/#website","url":"https:\/\/www.german-language-school.ch\/de\/","name":"German Language School","description":"Eine weitere WordPress-Seite","publisher":{"@id":"https:\/\/www.german-language-school.ch\/de\/#organization"},"potentialAction":[{"@type":"SearchAction","target":{"@type":"EntryPoint","urlTemplate":"https:\/\/www.german-language-school.ch\/de\/?s={search_term_string}"},"query-input":{"@type":"PropertyValueSpecification","valueRequired":true,"valueName":"search_term_string"}}],"inLanguage":"de"},{"@type":"Organization","@id":"https:\/\/www.german-language-school.ch\/de\/#organization","name":"German Language School","url":"https:\/\/www.german-language-school.ch\/de\/","logo":{"@type":"ImageObject","inLanguage":"de","@id":"https:\/\/www.german-language-school.ch\/de\/#\/schema\/logo\/image\/","url":"https:\/\/www.german-language-school.ch\/wp-content\/uploads\/2018\/06\/german-language-school-logo.svg","contentUrl":"https:\/\/www.german-language-school.ch\/wp-content\/uploads\/2018\/06\/german-language-school-logo.svg","width":1,"height":1,"caption":"German Language School"},"image":{"@id":"https:\/\/www.german-language-school.ch\/de\/#\/schema\/logo\/image\/"},"sameAs":["https:\/\/www.facebook.com\/German-Language-School-219211915144627\/"]}]}},"_links":{"self":[{"href":"https:\/\/www.german-language-school.ch\/de\/wp-json\/wp\/v2\/pages\/1646","targetHints":{"allow":["GET"]}}],"collection":[{"href":"https:\/\/www.german-language-school.ch\/de\/wp-json\/wp\/v2\/pages"}],"about":[{"href":"https:\/\/www.german-language-school.ch\/de\/wp-json\/wp\/v2\/types\/page"}],"author":[{"embeddable":true,"href":"https:\/\/www.german-language-school.ch\/de\/wp-json\/wp\/v2\/users\/1"}],"replies":[{"embeddable":true,"href":"https:\/\/www.german-language-school.ch\/de\/wp-json\/wp\/v2\/comments?post=1646"}],"version-history":[{"count":2,"href":"https:\/\/www.german-language-school.ch\/de\/wp-json\/wp\/v2\/pages\/1646\/revisions"}],"predecessor-version":[{"id":1669,"href":"https:\/\/www.german-language-school.ch\/de\/wp-json\/wp\/v2\/pages\/1646\/revisions\/1669"}],"wp:attachment":[{"href":"https:\/\/www.german-language-school.ch\/de\/wp-json\/wp\/v2\/media?parent=1646"}],"curies":[{"name":"wp","href":"https:\/\/api.w.org\/{rel}","templated":true}]}}