{"id":1648,"date":"2021-08-15T20:31:06","date_gmt":"2021-08-15T18:31:06","guid":{"rendered":"https:\/\/www.german-language-school.ch\/?page_id=1648"},"modified":"2021-08-15T21:08:12","modified_gmt":"2021-08-15T19:08:12","slug":"schweizer-pass-kommunikation-behoerden","status":"publish","type":"page","link":"https:\/\/www.german-language-school.ch\/de\/schweizer-pass-kommunikation-behoerden\/","title":{"rendered":"Rund um den Schweizer Pass &#038; Kommunikation mit den Beh\u00f6rden"},"content":{"rendered":"<p>Offizielle Briefe zu verstehen und zu beantworten ist in der Muttersprache nicht immer leicht und kann in der Fremdsprache zu einem echten Problem werden. Muss es aber nicht, denn mit der richtigen Vorbereitung k\u00f6nnen Sie nicht nur Beh\u00f6rdenbriefe meistern, sondern auch Ihre Bewerbungsunterlagen auf den aktuellen Stand bringen.<\/p>\n<p>Wollen Sie einen Schritt weitergehen und sich f\u00fcr den Schweizer Pass bewerben? Dann ist es essentiell, gut vorbereitet in das Einb\u00fcrgerungsgespr\u00e4ch zu gehen. Auch dabei helfen wir Ihnen gerne und begleiten Sie durch das Einb\u00fcrgerungsverfahren.<\/p>\n<ul class=\"arrow\">\n<li>\n<h2>Rund um den Schweizer Pass<\/h2>\n<p>Sie m\u00f6chten den Schweizer Pass beantragen und gut vorbereitet in das Einb\u00fcrgerungsgespr\u00e4ch gehen? Wir wissen, worauf es ankommt und helfen Ihnen gerne bei der Vorbereitung. Kontaktieren Sie uns einfach und kommen Sie schon heute Ihrem Pass einen Schritt n\u00e4her.<\/li>\n<li>\n<h2>Kommunikation mit den Beh\u00f6rden<\/h2>\n<p>Haben Sie Probleme damit, offizielle Briefe richtig zu verstehen und korrekt zu beantworten? Wollen Sie sich bei einem Schweizer Unternehmen bewerben und brauchen einen korrekt formulierten Lebenslauf, der den Schweizer Anforderungen entspricht? Wir helfen Ihnen gerne dabei und geben Ihren Dokumenten den perfekten Schliff.<\/li>\n<\/ul>\n<p>&nbsp;<\/p>\n","protected":false},"excerpt":{"rendered":"<p>Offizielle Briefe zu verstehen und zu beantworten ist in der Muttersprache nicht immer leicht und kann in der Fremdsprache zu einem echten Problem werden. Muss es aber nicht, denn mit der richtigen Vorbereitung k\u00f6nnen Sie nicht nur Beh\u00f6rdenbriefe meistern, sondern auch Ihre Bewerbungsunterlagen auf den aktuellen Stand bringen. Wollen Sie einen Schritt weitergehen und sich [&hellip;]<\/p>\n","protected":false},"author":1,"featured_media":0,"parent":0,"menu_order":0,"comment_status":"closed","ping_status":"closed","template":"template-courses-v2.php","meta":{"_acf_changed":false,"footnotes":""},"class_list":["post-1648","page","type-page","status-publish","hentry"],"acf":[],"yoast_head":"<!-- This site is optimized with the Yoast SEO plugin v27.4 - https:\/\/yoast.com\/product\/yoast-seo-wordpress\/ -->\n<title>Rund um den Schweizer Pass &amp; Kommunikation mit den Beh\u00f6rden - German Language School<\/title>\n<meta name=\"robots\" content=\"index, follow, max-snippet:-1, max-image-preview:large, max-video-preview:-1\" \/>\n<link rel=\"canonical\" href=\"https:\/\/www.german-language-school.ch\/de\/schweizer-pass-kommunikation-behoerden\/\" \/>\n<meta property=\"og:locale\" content=\"de_DE\" \/>\n<meta property=\"og:type\" content=\"article\" \/>\n<meta property=\"og:title\" content=\"Rund um den Schweizer Pass &amp; Kommunikation mit den Beh\u00f6rden - German Language School\" \/>\n<meta property=\"og:description\" content=\"Offizielle Briefe zu verstehen und zu beantworten ist in der Muttersprache nicht immer leicht und kann in der Fremdsprache zu einem echten Problem werden. Muss es aber nicht, denn mit der richtigen Vorbereitung k\u00f6nnen Sie nicht nur Beh\u00f6rdenbriefe meistern, sondern auch Ihre Bewerbungsunterlagen auf den aktuellen Stand bringen. Wollen Sie einen Schritt weitergehen und sich [&hellip;]\" \/>\n<meta property=\"og:url\" content=\"https:\/\/www.german-language-school.ch\/de\/schweizer-pass-kommunikation-behoerden\/\" \/>\n<meta property=\"og:site_name\" content=\"German Language School\" \/>\n<meta property=\"article:publisher\" content=\"https:\/\/www.facebook.com\/German-Language-School-219211915144627\/\" \/>\n<meta property=\"article:modified_time\" content=\"2021-08-15T19:08:12+00:00\" \/>\n<meta name=\"twitter:card\" content=\"summary_large_image\" \/>\n<meta name=\"twitter:label1\" content=\"Gesch\u00e4tzte Lesezeit\" \/>\n\t<meta name=\"twitter:data1\" content=\"1\u00a0Minute\" \/>\n<script type=\"application\/ld+json\" class=\"yoast-schema-graph\">{\"@context\":\"https:\\\/\\\/schema.org\",\"@graph\":[{\"@type\":\"WebPage\",\"@id\":\"https:\\\/\\\/www.german-language-school.ch\\\/de\\\/schweizer-pass-kommunikation-behoerden\\\/\",\"url\":\"https:\\\/\\\/www.german-language-school.ch\\\/de\\\/schweizer-pass-kommunikation-behoerden\\\/\",\"name\":\"Rund um den Schweizer Pass & Kommunikation mit den Beh\u00f6rden - German Language School\",\"isPartOf\":{\"@id\":\"https:\\\/\\\/www.german-language-school.ch\\\/de\\\/#website\"},\"datePublished\":\"2021-08-15T18:31:06+00:00\",\"dateModified\":\"2021-08-15T19:08:12+00:00\",\"breadcrumb\":{\"@id\":\"https:\\\/\\\/www.german-language-school.ch\\\/de\\\/schweizer-pass-kommunikation-behoerden\\\/#breadcrumb\"},\"inLanguage\":\"de\",\"potentialAction\":[{\"@type\":\"ReadAction\",\"target\":[\"https:\\\/\\\/www.german-language-school.ch\\\/de\\\/schweizer-pass-kommunikation-behoerden\\\/\"]}]},{\"@type\":\"BreadcrumbList\",\"@id\":\"https:\\\/\\\/www.german-language-school.ch\\\/de\\\/schweizer-pass-kommunikation-behoerden\\\/#breadcrumb\",\"itemListElement\":[{\"@type\":\"ListItem\",\"position\":1,\"name\":\"Home\",\"item\":\"https:\\\/\\\/www.german-language-school.ch\\\/de\\\/\"},{\"@type\":\"ListItem\",\"position\":2,\"name\":\"Rund um den Schweizer Pass &#038; Kommunikation mit den Beh\u00f6rden\"}]},{\"@type\":\"WebSite\",\"@id\":\"https:\\\/\\\/www.german-language-school.ch\\\/de\\\/#website\",\"url\":\"https:\\\/\\\/www.german-language-school.ch\\\/de\\\/\",\"name\":\"German Language School\",\"description\":\"Eine weitere WordPress-Seite\",\"publisher\":{\"@id\":\"https:\\\/\\\/www.german-language-school.ch\\\/de\\\/#organization\"},\"potentialAction\":[{\"@type\":\"SearchAction\",\"target\":{\"@type\":\"EntryPoint\",\"urlTemplate\":\"https:\\\/\\\/www.german-language-school.ch\\\/de\\\/?s={search_term_string}\"},\"query-input\":{\"@type\":\"PropertyValueSpecification\",\"valueRequired\":true,\"valueName\":\"search_term_string\"}}],\"inLanguage\":\"de\"},{\"@type\":\"Organization\",\"@id\":\"https:\\\/\\\/www.german-language-school.ch\\\/de\\\/#organization\",\"name\":\"German Language School\",\"url\":\"https:\\\/\\\/www.german-language-school.ch\\\/de\\\/\",\"logo\":{\"@type\":\"ImageObject\",\"inLanguage\":\"de\",\"@id\":\"https:\\\/\\\/www.german-language-school.ch\\\/de\\\/#\\\/schema\\\/logo\\\/image\\\/\",\"url\":\"https:\\\/\\\/www.german-language-school.ch\\\/wp-content\\\/uploads\\\/2018\\\/06\\\/german-language-school-logo.svg\",\"contentUrl\":\"https:\\\/\\\/www.german-language-school.ch\\\/wp-content\\\/uploads\\\/2018\\\/06\\\/german-language-school-logo.svg\",\"width\":1,\"height\":1,\"caption\":\"German Language School\"},\"image\":{\"@id\":\"https:\\\/\\\/www.german-language-school.ch\\\/de\\\/#\\\/schema\\\/logo\\\/image\\\/\"},\"sameAs\":[\"https:\\\/\\\/www.facebook.com\\\/German-Language-School-219211915144627\\\/\"]}]}<\/script>\n<!-- \/ Yoast SEO plugin. -->","yoast_head_json":{"title":"Rund um den Schweizer Pass & Kommunikation mit den Beh\u00f6rden - German Language School","robots":{"index":"index","follow":"follow","max-snippet":"max-snippet:-1","max-image-preview":"max-image-preview:large","max-video-preview":"max-video-preview:-1"},"canonical":"https:\/\/www.german-language-school.ch\/de\/schweizer-pass-kommunikation-behoerden\/","og_locale":"de_DE","og_type":"article","og_title":"Rund um den Schweizer Pass & Kommunikation mit den Beh\u00f6rden - German Language School","og_description":"Offizielle Briefe zu verstehen und zu beantworten ist in der Muttersprache nicht immer leicht und kann in der Fremdsprache zu einem echten Problem werden. Muss es aber nicht, denn mit der richtigen Vorbereitung k\u00f6nnen Sie nicht nur Beh\u00f6rdenbriefe meistern, sondern auch Ihre Bewerbungsunterlagen auf den aktuellen Stand bringen. Wollen Sie einen Schritt weitergehen und sich [&hellip;]","og_url":"https:\/\/www.german-language-school.ch\/de\/schweizer-pass-kommunikation-behoerden\/","og_site_name":"German Language School","article_publisher":"https:\/\/www.facebook.com\/German-Language-School-219211915144627\/","article_modified_time":"2021-08-15T19:08:12+00:00","twitter_card":"summary_large_image","twitter_misc":{"Gesch\u00e4tzte Lesezeit":"1\u00a0Minute"},"schema":{"@context":"https:\/\/schema.org","@graph":[{"@type":"WebPage","@id":"https:\/\/www.german-language-school.ch\/de\/schweizer-pass-kommunikation-behoerden\/","url":"https:\/\/www.german-language-school.ch\/de\/schweizer-pass-kommunikation-behoerden\/","name":"Rund um den Schweizer Pass & Kommunikation mit den Beh\u00f6rden - German Language School","isPartOf":{"@id":"https:\/\/www.german-language-school.ch\/de\/#website"},"datePublished":"2021-08-15T18:31:06+00:00","dateModified":"2021-08-15T19:08:12+00:00","breadcrumb":{"@id":"https:\/\/www.german-language-school.ch\/de\/schweizer-pass-kommunikation-behoerden\/#breadcrumb"},"inLanguage":"de","potentialAction":[{"@type":"ReadAction","target":["https:\/\/www.german-language-school.ch\/de\/schweizer-pass-kommunikation-behoerden\/"]}]},{"@type":"BreadcrumbList","@id":"https:\/\/www.german-language-school.ch\/de\/schweizer-pass-kommunikation-behoerden\/#breadcrumb","itemListElement":[{"@type":"ListItem","position":1,"name":"Home","item":"https:\/\/www.german-language-school.ch\/de\/"},{"@type":"ListItem","position":2,"name":"Rund um den Schweizer Pass &#038; Kommunikation mit den Beh\u00f6rden"}]},{"@type":"WebSite","@id":"https:\/\/www.german-language-school.ch\/de\/#website","url":"https:\/\/www.german-language-school.ch\/de\/","name":"German Language School","description":"Eine weitere WordPress-Seite","publisher":{"@id":"https:\/\/www.german-language-school.ch\/de\/#organization"},"potentialAction":[{"@type":"SearchAction","target":{"@type":"EntryPoint","urlTemplate":"https:\/\/www.german-language-school.ch\/de\/?s={search_term_string}"},"query-input":{"@type":"PropertyValueSpecification","valueRequired":true,"valueName":"search_term_string"}}],"inLanguage":"de"},{"@type":"Organization","@id":"https:\/\/www.german-language-school.ch\/de\/#organization","name":"German Language School","url":"https:\/\/www.german-language-school.ch\/de\/","logo":{"@type":"ImageObject","inLanguage":"de","@id":"https:\/\/www.german-language-school.ch\/de\/#\/schema\/logo\/image\/","url":"https:\/\/www.german-language-school.ch\/wp-content\/uploads\/2018\/06\/german-language-school-logo.svg","contentUrl":"https:\/\/www.german-language-school.ch\/wp-content\/uploads\/2018\/06\/german-language-school-logo.svg","width":1,"height":1,"caption":"German Language School"},"image":{"@id":"https:\/\/www.german-language-school.ch\/de\/#\/schema\/logo\/image\/"},"sameAs":["https:\/\/www.facebook.com\/German-Language-School-219211915144627\/"]}]}},"_links":{"self":[{"href":"https:\/\/www.german-language-school.ch\/de\/wp-json\/wp\/v2\/pages\/1648","targetHints":{"allow":["GET"]}}],"collection":[{"href":"https:\/\/www.german-language-school.ch\/de\/wp-json\/wp\/v2\/pages"}],"about":[{"href":"https:\/\/www.german-language-school.ch\/de\/wp-json\/wp\/v2\/types\/page"}],"author":[{"embeddable":true,"href":"https:\/\/www.german-language-school.ch\/de\/wp-json\/wp\/v2\/users\/1"}],"replies":[{"embeddable":true,"href":"https:\/\/www.german-language-school.ch\/de\/wp-json\/wp\/v2\/comments?post=1648"}],"version-history":[{"count":4,"href":"https:\/\/www.german-language-school.ch\/de\/wp-json\/wp\/v2\/pages\/1648\/revisions"}],"predecessor-version":[{"id":1670,"href":"https:\/\/www.german-language-school.ch\/de\/wp-json\/wp\/v2\/pages\/1648\/revisions\/1670"}],"wp:attachment":[{"href":"https:\/\/www.german-language-school.ch\/de\/wp-json\/wp\/v2\/media?parent=1648"}],"curies":[{"name":"wp","href":"https:\/\/api.w.org\/{rel}","templated":true}]}}